{"id":2790,"date":"2016-10-10T11:04:24","date_gmt":"2016-10-10T09:04:24","guid":{"rendered":"http:\/\/www.viaromeagermanica.info\/pilgerstempel\/"},"modified":"2025-08-25T14:43:10","modified_gmt":"2025-08-25T12:43:10","slug":"pilgrim-stamp","status":"publish","type":"page","link":"https:\/\/www.viaromeagermanica.de\/en\/pilgrim-stamp\/","title":{"rendered":"PilgrimStamp"},"content":{"rendered":"\t\t<div data-elementor-type=\"wp-page\" data-elementor-id=\"2790\" class=\"elementor elementor-2790 elementor-1992\" data-elementor-post-type=\"page\">\n\t\t\t\t<div class=\"elementor-element elementor-element-8d9ef1c e-flex e-con-boxed e-con e-parent\" data-id=\"8d9ef1c\" data-element_type=\"container\" data-settings=\"{&quot;background_background&quot;:&quot;classic&quot;}\">\n\t\t\t\t\t<div class=\"e-con-inner\">\n\t\t\t\t\t<\/div>\n\t\t\t\t<\/div>\n\t\t<div class=\"elementor-element elementor-element-6ac5b79f e-flex e-con-boxed e-con e-parent\" data-id=\"6ac5b79f\" data-element_type=\"container\">\n\t\t\t\t\t<div class=\"e-con-inner\">\n\t\t\t\t<div class=\"elementor-element elementor-element-5f97e577 elementor-widget elementor-widget-heading\" data-id=\"5f97e577\" data-element_type=\"widget\" data-widget_type=\"heading.default\">\n\t\t\t\t<div class=\"elementor-widget-container\">\n\t\t\t\t\t<h1 class=\"elementor-heading-title elementor-size-default\">PilgrimStamp<\/h1>\t\t\t\t<\/div>\n\t\t\t\t<\/div>\n\t\t\t\t<div class=\"elementor-element elementor-element-7218008b elementor-widget elementor-widget-text-editor\" data-id=\"7218008b\" data-element_type=\"widget\" data-widget_type=\"text-editor.default\">\n\t\t\t\t<div class=\"elementor-widget-container\">\n\t\t\t\t\t\t\t\t\t<p>On such a pilgrimage, most pilgrims experience a lot of impressive things. The moments when a stamp is stamped in the pilgrimage book leave a special impression. General stamps are available in many churches, congregations, shops and institutions on site.<\/p>\n<p>In the meantime, there are also some \u201cofficial\u201d pilgrim stamps of the VIA ROMEA along the route. An overview of the cities and institutions in which you will receive this pilgrim stamp can be found in the overview.<\/p>\n\t\t\t\t\t\t\t\t<\/div>\n\t\t\t\t<\/div>\n\t\t\t\t<div class=\"elementor-element elementor-element-b70d8b5 elementor-widget elementor-widget-text-editor\" data-id=\"b70d8b5\" data-element_type=\"widget\" data-widget_type=\"text-editor.default\">\n\t\t\t\t<div class=\"elementor-widget-container\">\n\t\t\t\t\t\t\t\t\t<p><strong>Stade<\/strong><\/p><p>Stadtarchiv Stade, Johannisstra\u00dfe 5, 21682 Stade*\/**<\/p><p>Tourist-Information am Hafen, Hansestra\u00dfe 16, 21682 Stade*\/**<\/p><p>Christliche Buchhandlung der Stader Bibel- und Missionsgesellschaft e.V., H\u00f6ckerstra\u00dfe 17, 21682 Stade*<\/p><p><strong>Neuenkirchen<\/strong><br \/>Heide-Touristik Neuenkirchen, Kirchstra\u00dfe 9, 29643 Neuenkirchen **<\/p><p><strong>Br\u00f6ckel<em><br \/><\/em><\/strong>Antikhof Drei Eichen, Hauptstra\u00dfe 56, 29356 Br\u00f6ckel*<\/p><p><strong>Wolfenb\u00fcttel<br \/><\/strong>Tourist-Information, L\u00f6wenstra\u00dfe 1, 38300 Wolfenb\u00fcttel<\/p><p><strong>Hornburg<\/strong><br \/>Tourist-Information \/ Rathaus, Pfarrhofstra\u00dfe 5, 38315 Hornburg**<\/p><p>Pilgerherberge Reinhards Pension, Vorwerk 1, 38315 Hornburg<\/p><p>Ev. Kirchengemeinde (Pfarramt), Pfarrhofstra\u00dfe, 38815 Hornburg<\/p><p><strong>Wasserleben<em><br \/><\/em><\/strong>Minnekenhus, Kulk 10,\u00a0<em>38871 Wasserleben<\/em><\/p><p><strong>Wernigerode<\/strong><br \/>Tourist-Information, Marktplatz 10, 38855 Wernigerode**<\/p><p><strong>Hasselfelde<\/strong><em><strong><br \/><\/strong><\/em>Tourist-Information, Breite Str. 17, 38899 Hasselfelde<\/p><p>St. Antoniuskirche, Am Markt (im Eingangsbereich der offenen Kirche)*<br \/><br \/><strong>Bad Langensalza<\/strong><br \/>Tourist-Information Bad Langensalza, Bei der Marktkirche 11, 99947 Bad Langensalza<\/p><p><strong>Mellrichstadt<\/strong><em><strong><br \/><\/strong><\/em>Stadt- und Touristinformation, Marktplatz 2, 97638 Mellrichstadt<em><strong><br \/><\/strong><\/em><\/p><p><strong>Bad Neustadt<\/strong><br \/>Rathaus \/ B\u00fcrgerservice, Rathausgasse 2, 97616 Bad Neustadt<\/p><p>Tourist-Information \/ Landratsamt Rh\u00f6n-Grabfeld, Sp\u00f6rleinstra\u00dfe 11, 97616 Bad Neustadt**<\/p><p><strong>Schweinfurt<\/strong><br \/>Tourist-Information Schweinfurt 360\u00b0, Rathaus \u2013 Markt 1, 97421 Schweinfurt*<\/p><p><strong>K\u00fcrnach<\/strong><br \/>Gasthof Stern, Hauptstra\u00dfe 3, 97273 K\u00fcrnach<\/p><p>Gasthof zum Schwan, Semmelstra\u00dfe 2, 97273 K\u00fcrnach<\/p><p><strong>W\u00fcrzburg<\/strong><br \/>Dominfo, Domstra\u00dfe 40, 97070 W\u00fcrzburg<\/p><p>Tourist Information &amp; Ticket Service, Falkenhaus am Markt, 97070 W\u00fcrzburg<\/p><p><strong>Ochsenfurt<\/strong><br \/>Tourist-Information, Hauptstra\u00dfe 39, 97199 Ochsenfurt<\/p><p>Stadtpfarrkirche St. Andreas, Pfarrgasse 9, 97199 Ochsenfurt<\/p><p><strong>Schillingsf\u00fcrst<\/strong><br \/>Info-Center Schillingsf\u00fcrst, Rothenburger Str. 2, 91583 Schillingsf\u00fcrst<\/p><p><strong>Feuchtwangen<\/strong><br \/>Tourist-Information, Marktplatz 1, 91555 Feuchtwangen<\/p><p><strong>Dinkelsb\u00fchl<\/strong><br \/>Touristik Service Dinkelsb\u00fchl, Altrathausplatz 14, 91550 Dinkelsb\u00fchl<\/p><p><strong>Fremdingen<\/strong><br \/>Pfarrkirche St. Gallus, Kirchberg 16, 86742 Fremdingen*<\/p><p><strong>Donauw\u00f6rth<\/strong><br \/>Tourist-Information, Rathausgasse 1, 86609 Donauw\u00f6rth**<\/p><p>Pfarramt Kloster- und Wallfahrtskirche Heilig Kreuz, Heilig-Kreuz-Str. 19, 86609 Donauw\u00f6rth<\/p><p>Kath. M\u00fcnsterpfarramt, M\u00fcnsterplatz 5, 86609 Donauw\u00f6rth<\/p><p>Evang.-Luth. Pfarramt, Heilig-Kreuz-Str. 10, 86609 Donauw\u00f6rth<\/p><p><strong>Schongau<br \/><\/strong>Tourist-Information, M\u00fcnzstra\u00dfe 1-3, 86956 Schongau<strong><em><br \/><\/em><\/strong><\/p><p><strong>Garmisch-Partenkirchen<\/strong><br \/>Tourist-Information, Richard-Strauss-Platz 2, 82467 Garmisch-Partenkirchen<\/p><p><em>* Via Romea pilgrim stamp designed by local people<\/em><\/p><p>** Pilgrim&#8217;s stamp pass sales point<\/p><p>An official Via Romea stamp can be obtained for entries without *<\/p>\t\t\t\t\t\t\t\t<\/div>\n\t\t\t\t<\/div>\n\t\t<div class=\"elementor-element elementor-element-4b22bb58 e-con-full e-flex e-con e-child\" data-id=\"4b22bb58\" data-element_type=\"container\">\n\t\t<div class=\"elementor-element elementor-element-667bb287 e-con-full e-flex e-con e-child\" data-id=\"667bb287\" data-element_type=\"container\" data-settings=\"{&quot;background_background&quot;:&quot;classic&quot;}\">\n\t\t\t\t<div class=\"elementor-element elementor-element-29d0a301 elementor-widget elementor-widget-image\" data-id=\"29d0a301\" data-element_type=\"widget\" data-widget_type=\"image.default\">\n\t\t\t\t<div class=\"elementor-widget-container\">\n\t\t\t\t\t\t\t\t\t\t\t\t\t\t\t\t<a href=\"https:\/\/www.wernigerode-tourismus.de\/onlineshop-wernigerode-und-schierke\/shop\/DE1\/ce0e26f3-fdec-404e-a5f0-276ebee01c50\/via-romea-germanica---pilgerpass\" target=\"_blank\">\n\t\t\t\t\t\t\t<img fetchpriority=\"high\" decoding=\"async\" width=\"800\" height=\"596\" src=\"https:\/\/www.viaromeagermanica.de\/wp-content\/uploads\/2015\/10\/Stempelpass_mit_Deckblatt.jpg\" class=\"attachment-large size-large wp-image-5651\" alt=\"\" srcset=\"https:\/\/www.viaromeagermanica.de\/wp-content\/uploads\/2015\/10\/Stempelpass_mit_Deckblatt.jpg 845w, https:\/\/www.viaromeagermanica.de\/wp-content\/uploads\/2015\/10\/Stempelpass_mit_Deckblatt-300x224.jpg 300w, https:\/\/www.viaromeagermanica.de\/wp-content\/uploads\/2015\/10\/Stempelpass_mit_Deckblatt-768x573.jpg 768w, https:\/\/www.viaromeagermanica.de\/wp-content\/uploads\/2015\/10\/Stempelpass_mit_Deckblatt-705x526.jpg 705w, https:\/\/www.viaromeagermanica.de\/wp-content\/uploads\/2015\/10\/Stempelpass_mit_Deckblatt-450x336.jpg 450w\" sizes=\"(max-width: 800px) 100vw, 800px\" \/>\t\t\t\t\t\t\t\t<\/a>\n\t\t\t\t\t\t\t\t\t\t\t\t\t\t\t<\/div>\n\t\t\t\t<\/div>\n\t\t\t\t<\/div>\n\t\t<div class=\"elementor-element elementor-element-7b8439bf e-con-full e-flex e-con e-child\" data-id=\"7b8439bf\" data-element_type=\"container\">\n\t\t\t\t<div class=\"elementor-element elementor-element-59b1fe2a elementor-widget elementor-widget-heading\" data-id=\"59b1fe2a\" data-element_type=\"widget\" data-widget_type=\"heading.default\">\n\t\t\t\t<div class=\"elementor-widget-container\">\n\t\t\t\t\t<h2 class=\"elementor-heading-title elementor-size-default\">Pilgrim's stamp passport<\/h2>\t\t\t\t<\/div>\n\t\t\t\t<\/div>\n\t\t\t\t<div class=\"elementor-element elementor-element-6a72da2e elementor-widget elementor-widget-text-editor\" data-id=\"6a72da2e\" data-element_type=\"widget\" data-widget_type=\"text-editor.default\">\n\t\t\t\t<div class=\"elementor-widget-container\">\n\t\t\t\t\t\t\t\t\t<p>Pilgrim passport for pilgrim stamps from Stade to Rome<\/p><p>Paperback, 72 pages, 7,00 \u20ac<\/p><p>The pilgrim&#8217;s stamp pass is available from the<br \/><a href=\"https:\/\/www.wernigerode-tourismus.de\/onlineshop-wernigerode-und-schierke\/shop\/DE1\/ce0e26f3-fdec-404e-a5f0-276ebee01c50\/via-romea-germanica---pilgerpass\" target=\"_blank\" rel=\"noopener\">Onlineshop der Wernigerode Tourismus GmbH<\/a><br \/>to obtain.<\/p><p>Of course, a pilgrim&#8217;s passport is not compulsory, but it identifies the pilgrim as such at various points along the way and can open the doors to hostels that remain closed to tourists or hikers. It is also a wonderful souvenir.<\/p><p>However, in order to receive the pilgrim&#8217;s certificate in Rome at St Peter&#8217;s Basilica for a recognised pilgrimage on foot to the tombs of the apostles Peter and Paul, proof of the pilgrim&#8217;s passport is absolutely necessary!<\/p>\t\t\t\t\t\t\t\t<\/div>\n\t\t\t\t<\/div>\n\t\t\t\t<\/div>\n\t\t\t\t<\/div>\n\t\t\t\t\t<\/div>\n\t\t\t\t<\/div>\n\t\t<div class=\"elementor-element elementor-element-718d904b e-flex e-con-boxed e-con e-parent\" data-id=\"718d904b\" data-element_type=\"container\">\n\t\t\t\t\t<div class=\"e-con-inner\">\n\t\t\t\t<div class=\"elementor-element elementor-element-1dadb707 elementor-widget elementor-widget-gallery\" data-id=\"1dadb707\" data-element_type=\"widget\" data-settings=\"{&quot;columns&quot;:3,&quot;gap&quot;:{&quot;unit&quot;:&quot;px&quot;,&quot;size&quot;:0,&quot;sizes&quot;:[]},&quot;aspect_ratio&quot;:&quot;1:1&quot;,&quot;lazyload&quot;:&quot;yes&quot;,&quot;gallery_layout&quot;:&quot;grid&quot;,&quot;columns_tablet&quot;:2,&quot;columns_mobile&quot;:1,&quot;gap_tablet&quot;:{&quot;unit&quot;:&quot;px&quot;,&quot;size&quot;:10,&quot;sizes&quot;:[]},&quot;gap_mobile&quot;:{&quot;unit&quot;:&quot;px&quot;,&quot;size&quot;:10,&quot;sizes&quot;:[]},&quot;link_to&quot;:&quot;file&quot;,&quot;overlay_background&quot;:&quot;yes&quot;,&quot;content_hover_animation&quot;:&quot;fade-in&quot;}\" data-widget_type=\"gallery.default\">\n\t\t\t\t<div class=\"elementor-widget-container\">\n\t\t\t\t\t\t\t<div class=\"elementor-gallery__container\">\n\t\t\t\t\t\t\t<a class=\"e-gallery-item elementor-gallery-item elementor-animated-content\" href=\"https:\/\/www.viaromeagermanica.de\/wp-content\/uploads\/2024\/07\/stempelbild-kuernach-webvr.jpg\" data-elementor-open-lightbox=\"yes\" data-elementor-lightbox-slideshow=\"1dadb707\" data-elementor-lightbox-title=\"stempelbild-kuernach-webvr\" data-e-action-hash=\"#elementor-action%3Aaction%3Dlightbox%26settings%3DeyJpZCI6MTE1NzAsInVybCI6Imh0dHBzOlwvXC93d3cudmlhcm9tZWFnZXJtYW5pY2EuZGVcL3dwLWNvbnRlbnRcL3VwbG9hZHNcLzIwMjRcLzA3XC9zdGVtcGVsYmlsZC1rdWVybmFjaC13ZWJ2ci5qcGciLCJzbGlkZXNob3ciOiIxZGFkYjcwNyJ9\">\n\t\t\t\t\t<div class=\"e-gallery-image elementor-gallery-item__image\" data-thumbnail=\"https:\/\/www.viaromeagermanica.de\/wp-content\/uploads\/2024\/07\/stempelbild-kuernach-webvr-1030x433.jpg\" data-width=\"800\" data-height=\"336\" aria-label=\"\" role=\"img\" ><\/div>\n\t\t\t\t\t\t\t\t\t\t\t<div class=\"elementor-gallery-item__overlay\"><\/div>\n\t\t\t\t\t\t\t\t\t\t\t\t\t\t<\/a>\n\t\t\t\t\t\t\t<a class=\"e-gallery-item elementor-gallery-item elementor-animated-content\" href=\"https:\/\/www.viaromeagermanica.de\/wp-content\/uploads\/2024\/07\/stempelbild-meiningen-webvr.jpg\" data-elementor-open-lightbox=\"yes\" data-elementor-lightbox-slideshow=\"1dadb707\" data-elementor-lightbox-title=\"stempelbild-meiningen-webvr\" data-e-action-hash=\"#elementor-action%3Aaction%3Dlightbox%26settings%3DeyJpZCI6MTE1ODMsInVybCI6Imh0dHBzOlwvXC93d3cudmlhcm9tZWFnZXJtYW5pY2EuZGVcL3dwLWNvbnRlbnRcL3VwbG9hZHNcLzIwMjRcLzA3XC9zdGVtcGVsYmlsZC1tZWluaW5nZW4td2VidnIuanBnIiwic2xpZGVzaG93IjoiMWRhZGI3MDcifQ%3D%3D\">\n\t\t\t\t\t<div class=\"e-gallery-image elementor-gallery-item__image\" data-thumbnail=\"https:\/\/www.viaromeagermanica.de\/wp-content\/uploads\/2024\/07\/stempelbild-meiningen-webvr-1030x433.jpg\" data-width=\"800\" data-height=\"336\" aria-label=\"\" role=\"img\" ><\/div>\n\t\t\t\t\t\t\t\t\t\t\t<div class=\"elementor-gallery-item__overlay\"><\/div>\n\t\t\t\t\t\t\t\t\t\t\t\t\t\t<\/a>\n\t\t\t\t\t\t\t<a class=\"e-gallery-item elementor-gallery-item elementor-animated-content\" href=\"https:\/\/www.viaromeagermanica.de\/wp-content\/uploads\/2024\/07\/stempelbild-kuernach-stern-webvr.jpg\" data-elementor-open-lightbox=\"yes\" data-elementor-lightbox-slideshow=\"1dadb707\" data-elementor-lightbox-title=\"stempelbild-kuernach-stern-webvr\" data-e-action-hash=\"#elementor-action%3Aaction%3Dlightbox%26settings%3DeyJpZCI6MTE1ODEsInVybCI6Imh0dHBzOlwvXC93d3cudmlhcm9tZWFnZXJtYW5pY2EuZGVcL3dwLWNvbnRlbnRcL3VwbG9hZHNcLzIwMjRcLzA3XC9zdGVtcGVsYmlsZC1rdWVybmFjaC1zdGVybi13ZWJ2ci5qcGciLCJzbGlkZXNob3ciOiIxZGFkYjcwNyJ9\">\n\t\t\t\t\t<div class=\"e-gallery-image elementor-gallery-item__image\" data-thumbnail=\"https:\/\/www.viaromeagermanica.de\/wp-content\/uploads\/2024\/07\/stempelbild-kuernach-stern-webvr-1030x433.jpg\" data-width=\"800\" data-height=\"336\" aria-label=\"\" role=\"img\" ><\/div>\n\t\t\t\t\t\t\t\t\t\t\t<div class=\"elementor-gallery-item__overlay\"><\/div>\n\t\t\t\t\t\t\t\t\t\t\t\t\t\t<\/a>\n\t\t\t\t\t\t\t<a class=\"e-gallery-item elementor-gallery-item elementor-animated-content\" href=\"https:\/\/www.viaromeagermanica.de\/wp-content\/uploads\/2024\/07\/stempelbild-schweinfurt-webvr.jpg\" data-elementor-open-lightbox=\"yes\" data-elementor-lightbox-slideshow=\"1dadb707\" data-elementor-lightbox-title=\"stempelbild-schweinfurt-webvr\" data-e-action-hash=\"#elementor-action%3Aaction%3Dlightbox%26settings%3DeyJpZCI6MTE1ODUsInVybCI6Imh0dHBzOlwvXC93d3cudmlhcm9tZWFnZXJtYW5pY2EuZGVcL3dwLWNvbnRlbnRcL3VwbG9hZHNcLzIwMjRcLzA3XC9zdGVtcGVsYmlsZC1zY2h3ZWluZnVydC13ZWJ2ci5qcGciLCJzbGlkZXNob3ciOiIxZGFkYjcwNyJ9\">\n\t\t\t\t\t<div class=\"e-gallery-image elementor-gallery-item__image\" data-thumbnail=\"https:\/\/www.viaromeagermanica.de\/wp-content\/uploads\/2024\/07\/stempelbild-schweinfurt-webvr-1030x433.jpg\" data-width=\"800\" data-height=\"336\" aria-label=\"\" role=\"img\" ><\/div>\n\t\t\t\t\t\t\t\t\t\t\t<div class=\"elementor-gallery-item__overlay\"><\/div>\n\t\t\t\t\t\t\t\t\t\t\t\t\t\t<\/a>\n\t\t\t\t\t\t\t<a class=\"e-gallery-item elementor-gallery-item elementor-animated-content\" href=\"https:\/\/www.viaromeagermanica.de\/wp-content\/uploads\/2024\/07\/stempelbild-wernigerode-webvr.jpg\" data-elementor-open-lightbox=\"yes\" data-elementor-lightbox-slideshow=\"1dadb707\" data-elementor-lightbox-title=\"stempelbild-wernigerode-webvr\" data-e-action-hash=\"#elementor-action%3Aaction%3Dlightbox%26settings%3DeyJpZCI6MTE1ODcsInVybCI6Imh0dHBzOlwvXC93d3cudmlhcm9tZWFnZXJtYW5pY2EuZGVcL3dwLWNvbnRlbnRcL3VwbG9hZHNcLzIwMjRcLzA3XC9zdGVtcGVsYmlsZC13ZXJuaWdlcm9kZS13ZWJ2ci5qcGciLCJzbGlkZXNob3ciOiIxZGFkYjcwNyJ9\">\n\t\t\t\t\t<div class=\"e-gallery-image elementor-gallery-item__image\" data-thumbnail=\"https:\/\/www.viaromeagermanica.de\/wp-content\/uploads\/2024\/07\/stempelbild-wernigerode-webvr-1030x433.jpg\" data-width=\"800\" data-height=\"336\" aria-label=\"\" role=\"img\" ><\/div>\n\t\t\t\t\t\t\t\t\t\t\t<div class=\"elementor-gallery-item__overlay\"><\/div>\n\t\t\t\t\t\t\t\t\t\t\t\t\t\t<\/a>\n\t\t\t\t\t<\/div>\n\t\t\t\t\t<\/div>\n\t\t\t\t<\/div>\n\t\t\t\t\t<\/div>\n\t\t\t\t<\/div>\n\t\t\t\t<\/div>\n\t\t","protected":false},"excerpt":{"rendered":"<p>PilgrimStamp On such a pilgrimage, most pilgrims experience a lot of impressive things. The moments when a stamp is stamped in the pilgrimage book leave a special impression. General stamps [&hellip;]<\/p>\n","protected":false},"author":2,"featured_media":0,"parent":0,"menu_order":0,"comment_status":"closed","ping_status":"closed","template":"","meta":{"footnotes":""},"class_list":["post-2790","page","type-page","status-publish","hentry"],"yoast_head":"<!-- This site is optimized with the Yoast SEO plugin v27.6 - https:\/\/yoast.com\/product\/yoast-seo-wordpress\/ -->\n<title>PilgrimStamp - VIA ROMEA Germanica<\/title>\n<meta name=\"robots\" content=\"index, follow, max-snippet:-1, max-image-preview:large, max-video-preview:-1\" \/>\n<link rel=\"canonical\" href=\"https:\/\/www.viaromeagermanica.de\/pilgerstempel\/\" \/>\n<meta property=\"og:locale\" content=\"en_US\" \/>\n<meta property=\"og:type\" content=\"article\" \/>\n<meta property=\"og:title\" content=\"PilgrimStamp - VIA ROMEA Germanica\" \/>\n<meta property=\"og:description\" content=\"PilgrimStamp On such a pilgrimage, most pilgrims experience a lot of impressive things. The moments when a stamp is stamped in the pilgrimage book leave a special impression. General stamps [&hellip;]\" \/>\n<meta property=\"og:url\" content=\"https:\/\/www.viaromeagermanica.de\/pilgerstempel\/\" \/>\n<meta property=\"og:site_name\" content=\"VIA ROMEA Germanica\" \/>\n<meta property=\"article:modified_time\" content=\"2025-08-25T12:43:10+00:00\" \/>\n<meta property=\"og:image\" content=\"https:\/\/www.viaromeagermanica.de\/wp-content\/uploads\/2015\/10\/Stempelpass_mit_Deckblatt.jpg\" \/>\n\t<meta property=\"og:image:width\" content=\"845\" \/>\n\t<meta property=\"og:image:height\" content=\"630\" \/>\n\t<meta property=\"og:image:type\" content=\"image\/jpeg\" \/>\n<meta name=\"twitter:card\" content=\"summary_large_image\" \/>\n<meta name=\"twitter:label1\" content=\"Est. reading time\" \/>\n\t<meta name=\"twitter:data1\" content=\"3 minutes\" \/>\n<script type=\"application\/ld+json\" class=\"yoast-schema-graph\">{\"@context\":\"https:\\\/\\\/schema.org\",\"@graph\":[{\"@type\":\"WebPage\",\"@id\":\"https:\\\/\\\/www.viaromeagermanica.de\\\/pilgerstempel\\\/\",\"url\":\"https:\\\/\\\/www.viaromeagermanica.de\\\/pilgerstempel\\\/\",\"name\":\"PilgrimStamp - VIA ROMEA Germanica\",\"isPartOf\":{\"@id\":\"https:\\\/\\\/www.viaromeagermanica.de\\\/#website\"},\"primaryImageOfPage\":{\"@id\":\"https:\\\/\\\/www.viaromeagermanica.de\\\/pilgerstempel\\\/#primaryimage\"},\"image\":{\"@id\":\"https:\\\/\\\/www.viaromeagermanica.de\\\/pilgerstempel\\\/#primaryimage\"},\"thumbnailUrl\":\"https:\\\/\\\/www.viaromeagermanica.de\\\/wp-content\\\/uploads\\\/2015\\\/10\\\/Stempelpass_mit_Deckblatt.jpg\",\"datePublished\":\"2016-10-10T09:04:24+00:00\",\"dateModified\":\"2025-08-25T12:43:10+00:00\",\"breadcrumb\":{\"@id\":\"https:\\\/\\\/www.viaromeagermanica.de\\\/pilgerstempel\\\/#breadcrumb\"},\"inLanguage\":\"en-US\",\"potentialAction\":[{\"@type\":\"ReadAction\",\"target\":[\"https:\\\/\\\/www.viaromeagermanica.de\\\/pilgerstempel\\\/\"]}]},{\"@type\":\"ImageObject\",\"inLanguage\":\"en-US\",\"@id\":\"https:\\\/\\\/www.viaromeagermanica.de\\\/pilgerstempel\\\/#primaryimage\",\"url\":\"https:\\\/\\\/www.viaromeagermanica.de\\\/wp-content\\\/uploads\\\/2015\\\/10\\\/Stempelpass_mit_Deckblatt.jpg\",\"contentUrl\":\"https:\\\/\\\/www.viaromeagermanica.de\\\/wp-content\\\/uploads\\\/2015\\\/10\\\/Stempelpass_mit_Deckblatt.jpg\"},{\"@type\":\"BreadcrumbList\",\"@id\":\"https:\\\/\\\/www.viaromeagermanica.de\\\/pilgerstempel\\\/#breadcrumb\",\"itemListElement\":[{\"@type\":\"ListItem\",\"position\":1,\"name\":\"Startseite\",\"item\":\"https:\\\/\\\/www.viaromeagermanica.de\\\/\"},{\"@type\":\"ListItem\",\"position\":2,\"name\":\"PilgrimStamp\"}]},{\"@type\":\"WebSite\",\"@id\":\"https:\\\/\\\/www.viaromeagermanica.de\\\/#website\",\"url\":\"https:\\\/\\\/www.viaromeagermanica.de\\\/\",\"name\":\"VIA ROMEA Germanica\",\"description\":\"Pilgerweg\",\"publisher\":{\"@id\":\"https:\\\/\\\/www.viaromeagermanica.de\\\/#organization\"},\"potentialAction\":[{\"@type\":\"SearchAction\",\"target\":{\"@type\":\"EntryPoint\",\"urlTemplate\":\"https:\\\/\\\/www.viaromeagermanica.de\\\/?s={search_term_string}\"},\"query-input\":{\"@type\":\"PropertyValueSpecification\",\"valueRequired\":true,\"valueName\":\"search_term_string\"}}],\"inLanguage\":\"en-US\"},{\"@type\":\"Organization\",\"@id\":\"https:\\\/\\\/www.viaromeagermanica.de\\\/#organization\",\"name\":\"VIA ROMEA Germanica\",\"url\":\"https:\\\/\\\/www.viaromeagermanica.de\\\/\",\"logo\":{\"@type\":\"ImageObject\",\"inLanguage\":\"en-US\",\"@id\":\"https:\\\/\\\/www.viaromeagermanica.de\\\/#\\\/schema\\\/logo\\\/image\\\/\",\"url\":\"https:\\\/\\\/www.viaromeagermanica.de\\\/wp-content\\\/uploads\\\/2024\\\/04\\\/logo-vrg-ohne-rahmen.jpg\",\"contentUrl\":\"https:\\\/\\\/www.viaromeagermanica.de\\\/wp-content\\\/uploads\\\/2024\\\/04\\\/logo-vrg-ohne-rahmen.jpg\",\"width\":872,\"height\":873,\"caption\":\"VIA ROMEA Germanica\"},\"image\":{\"@id\":\"https:\\\/\\\/www.viaromeagermanica.de\\\/#\\\/schema\\\/logo\\\/image\\\/\"}}]}<\/script>\n<!-- \/ Yoast SEO plugin. -->","yoast_head_json":{"title":"PilgrimStamp - VIA ROMEA Germanica","robots":{"index":"index","follow":"follow","max-snippet":"max-snippet:-1","max-image-preview":"max-image-preview:large","max-video-preview":"max-video-preview:-1"},"canonical":"https:\/\/www.viaromeagermanica.de\/pilgerstempel\/","og_locale":"en_US","og_type":"article","og_title":"PilgrimStamp - VIA ROMEA Germanica","og_description":"PilgrimStamp On such a pilgrimage, most pilgrims experience a lot of impressive things. The moments when a stamp is stamped in the pilgrimage book leave a special impression. General stamps [&hellip;]","og_url":"https:\/\/www.viaromeagermanica.de\/pilgerstempel\/","og_site_name":"VIA ROMEA Germanica","article_modified_time":"2025-08-25T12:43:10+00:00","og_image":[{"width":845,"height":630,"url":"https:\/\/www.viaromeagermanica.de\/wp-content\/uploads\/2015\/10\/Stempelpass_mit_Deckblatt.jpg","type":"image\/jpeg"}],"twitter_card":"summary_large_image","twitter_misc":{"Est. reading time":"3 minutes"},"schema":{"@context":"https:\/\/schema.org","@graph":[{"@type":"WebPage","@id":"https:\/\/www.viaromeagermanica.de\/pilgerstempel\/","url":"https:\/\/www.viaromeagermanica.de\/pilgerstempel\/","name":"PilgrimStamp - VIA ROMEA Germanica","isPartOf":{"@id":"https:\/\/www.viaromeagermanica.de\/#website"},"primaryImageOfPage":{"@id":"https:\/\/www.viaromeagermanica.de\/pilgerstempel\/#primaryimage"},"image":{"@id":"https:\/\/www.viaromeagermanica.de\/pilgerstempel\/#primaryimage"},"thumbnailUrl":"https:\/\/www.viaromeagermanica.de\/wp-content\/uploads\/2015\/10\/Stempelpass_mit_Deckblatt.jpg","datePublished":"2016-10-10T09:04:24+00:00","dateModified":"2025-08-25T12:43:10+00:00","breadcrumb":{"@id":"https:\/\/www.viaromeagermanica.de\/pilgerstempel\/#breadcrumb"},"inLanguage":"en-US","potentialAction":[{"@type":"ReadAction","target":["https:\/\/www.viaromeagermanica.de\/pilgerstempel\/"]}]},{"@type":"ImageObject","inLanguage":"en-US","@id":"https:\/\/www.viaromeagermanica.de\/pilgerstempel\/#primaryimage","url":"https:\/\/www.viaromeagermanica.de\/wp-content\/uploads\/2015\/10\/Stempelpass_mit_Deckblatt.jpg","contentUrl":"https:\/\/www.viaromeagermanica.de\/wp-content\/uploads\/2015\/10\/Stempelpass_mit_Deckblatt.jpg"},{"@type":"BreadcrumbList","@id":"https:\/\/www.viaromeagermanica.de\/pilgerstempel\/#breadcrumb","itemListElement":[{"@type":"ListItem","position":1,"name":"Startseite","item":"https:\/\/www.viaromeagermanica.de\/"},{"@type":"ListItem","position":2,"name":"PilgrimStamp"}]},{"@type":"WebSite","@id":"https:\/\/www.viaromeagermanica.de\/#website","url":"https:\/\/www.viaromeagermanica.de\/","name":"VIA ROMEA Germanica","description":"Pilgerweg","publisher":{"@id":"https:\/\/www.viaromeagermanica.de\/#organization"},"potentialAction":[{"@type":"SearchAction","target":{"@type":"EntryPoint","urlTemplate":"https:\/\/www.viaromeagermanica.de\/?s={search_term_string}"},"query-input":{"@type":"PropertyValueSpecification","valueRequired":true,"valueName":"search_term_string"}}],"inLanguage":"en-US"},{"@type":"Organization","@id":"https:\/\/www.viaromeagermanica.de\/#organization","name":"VIA ROMEA Germanica","url":"https:\/\/www.viaromeagermanica.de\/","logo":{"@type":"ImageObject","inLanguage":"en-US","@id":"https:\/\/www.viaromeagermanica.de\/#\/schema\/logo\/image\/","url":"https:\/\/www.viaromeagermanica.de\/wp-content\/uploads\/2024\/04\/logo-vrg-ohne-rahmen.jpg","contentUrl":"https:\/\/www.viaromeagermanica.de\/wp-content\/uploads\/2024\/04\/logo-vrg-ohne-rahmen.jpg","width":872,"height":873,"caption":"VIA ROMEA Germanica"},"image":{"@id":"https:\/\/www.viaromeagermanica.de\/#\/schema\/logo\/image\/"}}]}},"_links":{"self":[{"href":"https:\/\/www.viaromeagermanica.de\/en\/wp-json\/wp\/v2\/pages\/2790","targetHints":{"allow":["GET"]}}],"collection":[{"href":"https:\/\/www.viaromeagermanica.de\/en\/wp-json\/wp\/v2\/pages"}],"about":[{"href":"https:\/\/www.viaromeagermanica.de\/en\/wp-json\/wp\/v2\/types\/page"}],"author":[{"embeddable":true,"href":"https:\/\/www.viaromeagermanica.de\/en\/wp-json\/wp\/v2\/users\/2"}],"replies":[{"embeddable":true,"href":"https:\/\/www.viaromeagermanica.de\/en\/wp-json\/wp\/v2\/comments?post=2790"}],"version-history":[{"count":30,"href":"https:\/\/www.viaromeagermanica.de\/en\/wp-json\/wp\/v2\/pages\/2790\/revisions"}],"predecessor-version":[{"id":14483,"href":"https:\/\/www.viaromeagermanica.de\/en\/wp-json\/wp\/v2\/pages\/2790\/revisions\/14483"}],"wp:attachment":[{"href":"https:\/\/www.viaromeagermanica.de\/en\/wp-json\/wp\/v2\/media?parent=2790"}],"curies":[{"name":"wp","href":"https:\/\/api.w.org\/{rel}","templated":true}]}}