{"id":5062,"date":"2022-01-20T12:12:19","date_gmt":"2022-01-20T11:12:19","guid":{"rendered":"https:\/\/www.viaromeagermanica.info\/pilgrimage-2022\/austria\/"},"modified":"2022-08-02T08:16:00","modified_gmt":"2022-08-02T06:16:00","slug":"austria","status":"publish","type":"page","link":"https:\/\/www.viaromeagermanica.de\/en\/pilgrimage-2022-overview\/austria\/","title":{"rendered":"Pilgerwanderung-2022-\u00d6sterreich"},"content":{"rendered":"<p>[av_image src=&#8217;https:\/\/www.viaromeagermanica.de\/wp-content\/uploads\/2022\/04\/austria_weg_vrg_ft_1500x630.jpg&#8217; attachment=&#8217;5585&#8242; attachment_size=&#8217;full&#8217; copyright=&#8221; caption=&#8221; styling=&#8221; align=&#8217;center&#8217; font_size=&#8221; overlay_opacity=&#8217;0.4&#8242; overlay_color=&#8217;#000000&#8242; overlay_text_color=&#8217;#ffffff&#8217; animation=&#8217;no-animation&#8217; hover=&#8221; appearance=&#8221; link=&#8221; target=&#8221; title_attr=&#8221; alt_attr=&#8221; lazy_loading=&#8217;disabled&#8217; id=&#8221; custom_class=&#8221; av_element_hidden_in_editor=&#8217;0&#8242; av_uid=&#8217;av-k2ahlx5n&#8217; admin_preview_bg=&#8221;][\/av_image]<\/p>\n<p>[av_hr class=&#8217;default&#8217; height=&#8217;50&#8217; shadow=&#8217;no-shadow&#8217; position=&#8217;center&#8217; custom_border=&#8217;av-border-thin&#8217; custom_width=&#8217;50px&#8217; custom_border_color=&#8221; custom_margin_top=&#8217;30px&#8217; custom_margin_bottom=&#8217;30px&#8217; icon_select=&#8217;yes&#8217; custom_icon_color=&#8221; icon=&#8217;ue808&#8242; av-desktop-hide=&#8221; av-medium-hide=&#8221; av-small-hide=&#8221; av-mini-hide=&#8221; av_uid=&#8217;av-3mlimc&#8217;]<\/p>\n<p>[av_textblock size=&#8221; av-medium-font-size=&#8221; av-small-font-size=&#8221; av-mini-font-size=&#8221; font_color=&#8221; color=&#8221; id=&#8221; custom_class=&#8221; av_uid=&#8217;av-k2agzdf1&#8242; admin_preview_bg=&#8221;]<\/p>\n<h1><\/h1>\n<h1 style=\"text-align: center;\">Pilgerwanderung 2022<\/h1>\n<h1 style=\"text-align: center;\">\u201ePilger \u00f6ffnen Horizonte\u201c<\/h1>\n<h1 style=\"text-align: center;\">\u2013 \u00d6sterreich \u2013<\/h1>\n<p>[\/av_textblock]<\/p>\n<p>[av_hr class=&#8217;invisible&#8217; icon_select=&#8217;yes&#8217; icon=&#8217;ue808&#8242; font=&#8217;entypo-fontello&#8217; position=&#8217;center&#8217; shadow=&#8217;no-shadow&#8217; height=&#8217;50&#8217; custom_border=&#8217;av-border-thin&#8217; custom_width=&#8217;50px&#8217; custom_margin_top=&#8217;30px&#8217; custom_margin_bottom=&#8217;30px&#8217; custom_border_color=&#8221; custom_icon_color=&#8221; id=&#8221; custom_class=&#8221; av_uid=&#8217;av-l2j5m2dx&#8217; admin_preview_bg=&#8221;]<\/p>\n<p>[av_textblock size=&#8221; av-medium-font-size=&#8221; av-small-font-size=&#8221; av-mini-font-size=&#8221; font_color=&#8221; color=&#8221; id=&#8221; custom_class=&#8221; av_uid=&#8217;av-l2j5fxzl&#8217; admin_preview_bg=&#8221;]<br \/>\nDie Pilgerstaffel f\u00fchrt 80 km in vier Etappen durch Tirol, organisiert von der Jakobsgemeinschaft Tirol.<\/p>\n<p>Der Pilger betritt in Scharnitz an der historischen Talsperre Porta Claudia das Bundesland Tirol, wandert \u00fcber ein wundersch\u00f6nes Plateau zum international bekannten Ort Seefeld, um von dort \u00fcber Reith bei Seefeld tief hinunter ins Inntal zu gelangen. Von Zirl f\u00fchrt der Weg nach Innsbruck, der Hauptstadt Tirols, und schlie\u00dflich durch das Wipptal mit den Gemeinden Matrei am Brenner, Steinach und Gries am Brenner zum bedeutendsten \u00dcbergang der Alpen, dem Brennerpass.<\/p>\n<p>So erwandert der Pilger\/die Pilgerin abwechslungsreiche Landschafts- und Vegetationsformen, kulturelle H\u00f6hepunkte, geschichtstr\u00e4chtige \u00d6rtlichkeiten und die Tiroler Gastlichkeit auf der seit jeher bedeutendsten Alpenroute gen S\u00fcden.<br \/>\n[\/av_textblock]<\/p>\n<p>[av_headline_rotator before_rotating=&#8221; after_rotating=&#8221; margin=&#8217;30px&#8217; margin_sync=&#8217;true&#8217; align=&#8217;center&#8217; custom_title=&#8221; size=&#8217;30&#8217; av-medium-font-size-title=&#8221; av-small-font-size-title=&#8221; av-mini-font-size-title=&#8221; tag=&#8217;h2&#8242; interval=&#8217;4&#8242; animation=&#8217;typewriter&#8217; alb_description=&#8221; id=&#8221; custom_class=&#8221; av_uid=&#8217;av-k2btixk7&#8242; admin_preview_bg=&#8221;]<br \/>\n[av_rotator_item title=&#8217;Sei dabei und melde Dich an&#8217; custom_title=&#8221; link=&#8221; linktarget=&#8221; av_uid=&#8217;av-2z64ig&#8217;]<br \/>\n[\/av_headline_rotator]<\/p>\n<p>[av_section min_height=&#8221; min_height_pc=&#8217;25&#8217; min_height_px=&#8217;100&#8242; padding=&#8217;default&#8217; custom_margin=&#8217;0px&#8217; custom_margin_sync=&#8217;true&#8217; color=&#8217;main_color&#8217; background=&#8217;bg_color&#8217; custom_bg=&#8217;#4e054c&#8217; background_gradient_color1=&#8221; background_gradient_color2=&#8221; background_gradient_direction=&#8217;vertical&#8217; src=&#8221; attachment=&#8221; attachment_size=&#8221; attach=&#8217;scroll&#8217; position=&#8217;top left&#8217; repeat=&#8217;no-repeat&#8217; video=&#8221; video_ratio=&#8217;16:9&#8242; overlay_opacity=&#8217;0.5&#8242; overlay_color=&#8221; overlay_pattern=&#8221; overlay_custom_pattern=&#8221; shadow=&#8217;no-border-styling&#8217; bottom_border=&#8217;no-border-styling&#8217; bottom_border_diagonal_color=&#8217;#333333&#8242; bottom_border_diagonal_direction=&#8221; bottom_border_style=&#8221; custom_arrow_bg=&#8221; id=&#8221; custom_class=&#8221; aria_label=&#8221; av_element_hidden_in_editor=&#8217;0&#8242; av_uid=&#8217;av-kzpranac&#8217;]<br \/>\n[av_hr class=&#8217;custom&#8217; icon_select=&#8217;yes&#8217; icon=&#8217;ue84e&#8217; font=&#8217;entypo-fontello&#8217; position=&#8217;center&#8217; shadow=&#8217;no-shadow&#8217; height=&#8217;50&#8217; custom_border=&#8217;av-border-fat&#8217; custom_width=&#8217;100px&#8217; custom_margin_top=&#8217;10px&#8217; custom_margin_bottom=&#8217;10px&#8217; custom_border_color=&#8217;#fcfcfc&#8217; custom_icon_color=&#8217;#fcfcfc&#8217; id=&#8221; custom_class=&#8221; av_uid=&#8217;av-37kr0m&#8217; admin_preview_bg=&#8221;]<\/p>\n<p>[av_textblock size=&#8221; av-medium-font-size=&#8221; av-small-font-size=&#8221; av-mini-font-size=&#8221; font_color=&#8217;custom&#8217; color=&#8217;#fcfcfc&#8217; id=&#8221; custom_class=&#8221; av_uid=&#8217;av-kzppebog&#8217; admin_preview_bg=&#8221;]<\/p>\n<h2 style=\"text-align: center;\">Etappenplan f\u00fcr \u00d6sterreich<\/h2>\n<p style=\"text-align: center;\">Von Scharnitz bis Brennero auf der Via Romea Germanica<\/p>\n<p>[\/av_textblock]<\/p>\n<p>[av_button label=&#8217;Zum Etappenplan&#8217; icon_select=&#8217;yes&#8217; icon=&#8217;ue811&#8242; font=&#8217;entypo-fontello&#8217; link=&#8217;page,5187&#8242; link_target=&#8221; size=&#8217;x-large&#8217; position=&#8217;center&#8217; label_display=&#8221; title_attr=&#8221; color_options=&#8217;color_options_advanced&#8217; color=&#8217;theme-color&#8217; custom_bg=&#8217;#444444&#8242; custom_font=&#8217;#ffffff&#8217; btn_color_bg=&#8217;light&#8217; btn_custom_bg=&#8217;#444444&#8242; btn_color_bg_hover=&#8217;theme-color-highlight&#8217; btn_custom_bg_hover=&#8217;#444444&#8242; btn_color_font=&#8217;theme-color&#8217; btn_custom_font=&#8217;#ffffff&#8217; id=&#8221; custom_class=&#8221; av_uid=&#8217;av-kzpy1txk&#8217; admin_preview_bg=&#8221;]<br \/>\n[\/av_section]<\/p>\n<p>[av_hr class=&#8217;invisible&#8217; height=&#8217;50&#8217; shadow=&#8217;no-shadow&#8217; position=&#8217;center&#8217; custom_border=&#8217;av-border-thin&#8217; custom_width=&#8217;50px&#8217; custom_border_color=&#8221; custom_margin_top=&#8217;30px&#8217; custom_margin_bottom=&#8217;30px&#8217; icon_select=&#8217;yes&#8217; custom_icon_color=&#8221; icon=&#8217;ue808&#8242; font=&#8217;entypo-fontello&#8217; av_uid=&#8217;av-k2ahr69s&#8217; admin_preview_bg=&#8221;]<\/p>\n<p>[av_textblock size=&#8221; av-medium-font-size=&#8221; av-small-font-size=&#8221; av-mini-font-size=&#8221; font_color=&#8221; color=&#8221; id=&#8221; custom_class=&#8221; av_uid=&#8217;av-l2j48fz3&#8242; admin_preview_bg=&#8221;]<br \/>\nBei Fragen zur Pilgerwanderung im Abschnitt \u00d6sterreich wende Dich bitte an:<\/p>\n<p>Raimund Horny<br \/>\nBroch Weg 10f<br \/>\n6100 M\u00f6sern<\/p>\n<p>Tel. +43 680 &#8211; 322 67 03<br \/>\n<a href=\"mailto:raimund@morale.at\">raimund@morale.at<\/a><\/p>\n<p>Ein Gep\u00e4cktransport wird f\u00fcr den Abschnitt \u00d6sterreich angeboten.<br \/>\n[\/av_textblock]<\/p>\n<p>[av_hr class=&#8217;invisible&#8217; height=&#8217;50&#8217; shadow=&#8217;no-shadow&#8217; position=&#8217;center&#8217; custom_border=&#8217;av-border-thin&#8217; custom_width=&#8217;50px&#8217; custom_border_color=&#8221; custom_margin_top=&#8217;30px&#8217; custom_margin_bottom=&#8217;30px&#8217; icon_select=&#8217;yes&#8217; custom_icon_color=&#8221; icon=&#8217;ue808&#8242; font=&#8217;entypo-fontello&#8217; av_uid=&#8217;av-k2ahr69s&#8217; admin_preview_bg=&#8221;]<\/p>\n<p>[av_button label=&#8217;Zur\u00fcck zur \u00dcbersicht&#8217; icon_select=&#8217;yes&#8217; icon=&#8217;ue810&#8242; font=&#8217;entypo-fontello&#8217; link=&#8217;page,3916&#8242; link_target=&#8221; size=&#8217;x-large&#8217; position=&#8217;center&#8217; label_display=&#8221; title_attr=&#8221; color_options=&#8221; color=&#8217;theme-color&#8217; custom_bg=&#8217;#444444&#8242; custom_font=&#8217;#ffffff&#8217; btn_color_bg=&#8217;theme-color&#8217; btn_custom_bg=&#8217;#444444&#8242; btn_color_bg_hover=&#8217;theme-color-highlight&#8217; btn_custom_bg_hover=&#8217;#444444&#8242; btn_color_font=&#8217;theme-color&#8217; btn_custom_font=&#8217;#ffffff&#8217; id=&#8221; custom_class=&#8221; av_uid=&#8217;av-kzo4ga06&#8242; admin_preview_bg=&#8221;]<\/p>\n<p>[av_hr class=&#8217;default&#8217; icon_select=&#8217;yes&#8217; icon=&#8217;ue808&#8242; position=&#8217;center&#8217; shadow=&#8217;no-shadow&#8217; height=&#8217;50&#8217; custom_border=&#8217;av-border-thin&#8217; custom_width=&#8217;50px&#8217; custom_margin_top=&#8217;30px&#8217; custom_margin_bottom=&#8217;30px&#8217; custom_border_color=&#8221; custom_icon_color=&#8221; av-desktop-hide=&#8221; av-medium-hide=&#8221; av-small-hide=&#8221; av-mini-hide=&#8221; id=&#8221; custom_class=&#8221; av_uid=&#8217;av-1vofyg&#8217;]<\/p>\n","protected":false},"excerpt":{"rendered":"<p>[av_image src=&#8217;https:\/\/www.viaromeagermanica.de\/wp-content\/uploads\/2022\/04\/austria_weg_vrg_ft_1500x630.jpg&#8217; attachment=&#8217;5585&#8242; attachment_size=&#8217;full&#8217; copyright=&#8221; caption=&#8221; styling=&#8221; align=&#8217;center&#8217; font_size=&#8221; overlay_opacity=&#8217;0.4&#8242; overlay_color=&#8217;#000000&#8242; overlay_text_color=&#8217;#ffffff&#8217; animation=&#8217;no-animation&#8217; hover=&#8221; appearance=&#8221; link=&#8221; target=&#8221; title_attr=&#8221; alt_attr=&#8221; lazy_loading=&#8217;disabled&#8217; id=&#8221; custom_class=&#8221; av_element_hidden_in_editor=&#8217;0&#8242; av_uid=&#8217;av-k2ahlx5n&#8217; admin_preview_bg=&#8221;][\/av_image] [av_hr class=&#8217;default&#8217; height=&#8217;50&#8217; shadow=&#8217;no-shadow&#8217; position=&#8217;center&#8217; [&hellip;]<\/p>\n","protected":false},"author":2,"featured_media":0,"parent":4869,"menu_order":0,"comment_status":"closed","ping_status":"closed","template":"","meta":{"footnotes":""},"class_list":["post-5062","page","type-page","status-publish","hentry"],"yoast_head":"<!-- This site is optimized with the Yoast SEO plugin v27.3 - https:\/\/yoast.com\/product\/yoast-seo-wordpress\/ -->\n<title>Pilgerwanderung-2022-\u00d6sterreich - VIA ROMEA Germanica<\/title>\n<meta name=\"robots\" content=\"index, follow, max-snippet:-1, max-image-preview:large, max-video-preview:-1\" \/>\n<link rel=\"canonical\" href=\"https:\/\/www.viaromeagermanica.de\/en\/pilgrimage-2022-overview\/austria\/\" \/>\n<meta property=\"og:locale\" content=\"en_US\" \/>\n<meta property=\"og:type\" content=\"article\" \/>\n<meta property=\"og:title\" content=\"Pilgerwanderung-2022-\u00d6sterreich - VIA ROMEA Germanica\" \/>\n<meta property=\"og:description\" content=\"[av_image src=&#8217;https:\/\/www.viaromeagermanica.de\/wp-content\/uploads\/2022\/04\/austria_weg_vrg_ft_1500x630.jpg&#8217; attachment=&#8217;5585&#8242; attachment_size=&#8217;full&#8217; copyright=&#8221; caption=&#8221; styling=&#8221; align=&#8217;center&#8217; font_size=&#8221; overlay_opacity=&#8217;0.4&#8242; overlay_color=&#8217;#000000&#8242; overlay_text_color=&#8217;#ffffff&#8217; animation=&#8217;no-animation&#8217; hover=&#8221; appearance=&#8221; link=&#8221; target=&#8221; title_attr=&#8221; alt_attr=&#8221; lazy_loading=&#8217;disabled&#8217; id=&#8221; custom_class=&#8221; av_element_hidden_in_editor=&#8217;0&#8242; av_uid=&#8217;av-k2ahlx5n&#8217; admin_preview_bg=&#8221;][\/av_image] [av_hr class=&#8217;default&#8217; height=&#8217;50&#8217; shadow=&#8217;no-shadow&#8217; position=&#8217;center&#8217; [&hellip;]\" \/>\n<meta property=\"og:url\" content=\"https:\/\/www.viaromeagermanica.de\/en\/pilgrimage-2022-overview\/austria\/\" \/>\n<meta property=\"og:site_name\" content=\"VIA ROMEA Germanica\" \/>\n<meta property=\"article:modified_time\" content=\"2022-08-02T06:16:00+00:00\" \/>\n<meta name=\"twitter:card\" content=\"summary_large_image\" \/>\n<meta name=\"twitter:label1\" content=\"Est. reading time\" \/>\n\t<meta name=\"twitter:data1\" content=\"5 minutes\" \/>\n<script type=\"application\/ld+json\" class=\"yoast-schema-graph\">{\"@context\":\"https:\\\/\\\/schema.org\",\"@graph\":[{\"@type\":\"WebPage\",\"@id\":\"https:\\\/\\\/www.viaromeagermanica.de\\\/en\\\/pilgrimage-2022-overview\\\/austria\\\/\",\"url\":\"https:\\\/\\\/www.viaromeagermanica.de\\\/en\\\/pilgrimage-2022-overview\\\/austria\\\/\",\"name\":\"Pilgerwanderung-2022-\u00d6sterreich - VIA ROMEA Germanica\",\"isPartOf\":{\"@id\":\"https:\\\/\\\/www.viaromeagermanica.de\\\/#website\"},\"datePublished\":\"2022-01-20T11:12:19+00:00\",\"dateModified\":\"2022-08-02T06:16:00+00:00\",\"breadcrumb\":{\"@id\":\"https:\\\/\\\/www.viaromeagermanica.de\\\/en\\\/pilgrimage-2022-overview\\\/austria\\\/#breadcrumb\"},\"inLanguage\":\"en-US\",\"potentialAction\":[{\"@type\":\"ReadAction\",\"target\":[\"https:\\\/\\\/www.viaromeagermanica.de\\\/en\\\/pilgrimage-2022-overview\\\/austria\\\/\"]}]},{\"@type\":\"BreadcrumbList\",\"@id\":\"https:\\\/\\\/www.viaromeagermanica.de\\\/en\\\/pilgrimage-2022-overview\\\/austria\\\/#breadcrumb\",\"itemListElement\":[{\"@type\":\"ListItem\",\"position\":1,\"name\":\"Startseite\",\"item\":\"https:\\\/\\\/www.viaromeagermanica.de\\\/\"},{\"@type\":\"ListItem\",\"position\":2,\"name\":\"Pilgrimage-2022-overview\",\"item\":\"https:\\\/\\\/www.viaromeagermanica.de\\\/en\\\/pilgrimage-2022-overview\\\/\"},{\"@type\":\"ListItem\",\"position\":3,\"name\":\"Pilgerwanderung-2022-\u00d6sterreich\"}]},{\"@type\":\"WebSite\",\"@id\":\"https:\\\/\\\/www.viaromeagermanica.de\\\/#website\",\"url\":\"https:\\\/\\\/www.viaromeagermanica.de\\\/\",\"name\":\"VIA ROMEA Germanica\",\"description\":\"Pilgerweg\",\"publisher\":{\"@id\":\"https:\\\/\\\/www.viaromeagermanica.de\\\/#organization\"},\"potentialAction\":[{\"@type\":\"SearchAction\",\"target\":{\"@type\":\"EntryPoint\",\"urlTemplate\":\"https:\\\/\\\/www.viaromeagermanica.de\\\/?s={search_term_string}\"},\"query-input\":{\"@type\":\"PropertyValueSpecification\",\"valueRequired\":true,\"valueName\":\"search_term_string\"}}],\"inLanguage\":\"en-US\"},{\"@type\":\"Organization\",\"@id\":\"https:\\\/\\\/www.viaromeagermanica.de\\\/#organization\",\"name\":\"VIA ROMEA Germanica\",\"url\":\"https:\\\/\\\/www.viaromeagermanica.de\\\/\",\"logo\":{\"@type\":\"ImageObject\",\"inLanguage\":\"en-US\",\"@id\":\"https:\\\/\\\/www.viaromeagermanica.de\\\/#\\\/schema\\\/logo\\\/image\\\/\",\"url\":\"https:\\\/\\\/www.viaromeagermanica.de\\\/wp-content\\\/uploads\\\/2024\\\/04\\\/logo-vrg-ohne-rahmen.jpg\",\"contentUrl\":\"https:\\\/\\\/www.viaromeagermanica.de\\\/wp-content\\\/uploads\\\/2024\\\/04\\\/logo-vrg-ohne-rahmen.jpg\",\"width\":872,\"height\":873,\"caption\":\"VIA ROMEA Germanica\"},\"image\":{\"@id\":\"https:\\\/\\\/www.viaromeagermanica.de\\\/#\\\/schema\\\/logo\\\/image\\\/\"}}]}<\/script>\n<!-- \/ Yoast SEO plugin. -->","yoast_head_json":{"title":"Pilgerwanderung-2022-\u00d6sterreich - VIA ROMEA Germanica","robots":{"index":"index","follow":"follow","max-snippet":"max-snippet:-1","max-image-preview":"max-image-preview:large","max-video-preview":"max-video-preview:-1"},"canonical":"https:\/\/www.viaromeagermanica.de\/en\/pilgrimage-2022-overview\/austria\/","og_locale":"en_US","og_type":"article","og_title":"Pilgerwanderung-2022-\u00d6sterreich - VIA ROMEA Germanica","og_description":"[av_image src=&#8217;https:\/\/www.viaromeagermanica.de\/wp-content\/uploads\/2022\/04\/austria_weg_vrg_ft_1500x630.jpg&#8217; attachment=&#8217;5585&#8242; attachment_size=&#8217;full&#8217; copyright=&#8221; caption=&#8221; styling=&#8221; align=&#8217;center&#8217; font_size=&#8221; overlay_opacity=&#8217;0.4&#8242; overlay_color=&#8217;#000000&#8242; overlay_text_color=&#8217;#ffffff&#8217; animation=&#8217;no-animation&#8217; hover=&#8221; appearance=&#8221; link=&#8221; target=&#8221; title_attr=&#8221; alt_attr=&#8221; lazy_loading=&#8217;disabled&#8217; id=&#8221; custom_class=&#8221; av_element_hidden_in_editor=&#8217;0&#8242; av_uid=&#8217;av-k2ahlx5n&#8217; admin_preview_bg=&#8221;][\/av_image] [av_hr class=&#8217;default&#8217; height=&#8217;50&#8217; shadow=&#8217;no-shadow&#8217; position=&#8217;center&#8217; [&hellip;]","og_url":"https:\/\/www.viaromeagermanica.de\/en\/pilgrimage-2022-overview\/austria\/","og_site_name":"VIA ROMEA Germanica","article_modified_time":"2022-08-02T06:16:00+00:00","twitter_card":"summary_large_image","twitter_misc":{"Est. reading time":"5 minutes"},"schema":{"@context":"https:\/\/schema.org","@graph":[{"@type":"WebPage","@id":"https:\/\/www.viaromeagermanica.de\/en\/pilgrimage-2022-overview\/austria\/","url":"https:\/\/www.viaromeagermanica.de\/en\/pilgrimage-2022-overview\/austria\/","name":"Pilgerwanderung-2022-\u00d6sterreich - VIA ROMEA Germanica","isPartOf":{"@id":"https:\/\/www.viaromeagermanica.de\/#website"},"datePublished":"2022-01-20T11:12:19+00:00","dateModified":"2022-08-02T06:16:00+00:00","breadcrumb":{"@id":"https:\/\/www.viaromeagermanica.de\/en\/pilgrimage-2022-overview\/austria\/#breadcrumb"},"inLanguage":"en-US","potentialAction":[{"@type":"ReadAction","target":["https:\/\/www.viaromeagermanica.de\/en\/pilgrimage-2022-overview\/austria\/"]}]},{"@type":"BreadcrumbList","@id":"https:\/\/www.viaromeagermanica.de\/en\/pilgrimage-2022-overview\/austria\/#breadcrumb","itemListElement":[{"@type":"ListItem","position":1,"name":"Startseite","item":"https:\/\/www.viaromeagermanica.de\/"},{"@type":"ListItem","position":2,"name":"Pilgrimage-2022-overview","item":"https:\/\/www.viaromeagermanica.de\/en\/pilgrimage-2022-overview\/"},{"@type":"ListItem","position":3,"name":"Pilgerwanderung-2022-\u00d6sterreich"}]},{"@type":"WebSite","@id":"https:\/\/www.viaromeagermanica.de\/#website","url":"https:\/\/www.viaromeagermanica.de\/","name":"VIA ROMEA Germanica","description":"Pilgerweg","publisher":{"@id":"https:\/\/www.viaromeagermanica.de\/#organization"},"potentialAction":[{"@type":"SearchAction","target":{"@type":"EntryPoint","urlTemplate":"https:\/\/www.viaromeagermanica.de\/?s={search_term_string}"},"query-input":{"@type":"PropertyValueSpecification","valueRequired":true,"valueName":"search_term_string"}}],"inLanguage":"en-US"},{"@type":"Organization","@id":"https:\/\/www.viaromeagermanica.de\/#organization","name":"VIA ROMEA Germanica","url":"https:\/\/www.viaromeagermanica.de\/","logo":{"@type":"ImageObject","inLanguage":"en-US","@id":"https:\/\/www.viaromeagermanica.de\/#\/schema\/logo\/image\/","url":"https:\/\/www.viaromeagermanica.de\/wp-content\/uploads\/2024\/04\/logo-vrg-ohne-rahmen.jpg","contentUrl":"https:\/\/www.viaromeagermanica.de\/wp-content\/uploads\/2024\/04\/logo-vrg-ohne-rahmen.jpg","width":872,"height":873,"caption":"VIA ROMEA Germanica"},"image":{"@id":"https:\/\/www.viaromeagermanica.de\/#\/schema\/logo\/image\/"}}]}},"_links":{"self":[{"href":"https:\/\/www.viaromeagermanica.de\/en\/wp-json\/wp\/v2\/pages\/5062","targetHints":{"allow":["GET"]}}],"collection":[{"href":"https:\/\/www.viaromeagermanica.de\/en\/wp-json\/wp\/v2\/pages"}],"about":[{"href":"https:\/\/www.viaromeagermanica.de\/en\/wp-json\/wp\/v2\/types\/page"}],"author":[{"embeddable":true,"href":"https:\/\/www.viaromeagermanica.de\/en\/wp-json\/wp\/v2\/users\/2"}],"replies":[{"embeddable":true,"href":"https:\/\/www.viaromeagermanica.de\/en\/wp-json\/wp\/v2\/comments?post=5062"}],"version-history":[{"count":14,"href":"https:\/\/www.viaromeagermanica.de\/en\/wp-json\/wp\/v2\/pages\/5062\/revisions"}],"predecessor-version":[{"id":5889,"href":"https:\/\/www.viaromeagermanica.de\/en\/wp-json\/wp\/v2\/pages\/5062\/revisions\/5889"}],"up":[{"embeddable":true,"href":"https:\/\/www.viaromeagermanica.de\/en\/wp-json\/wp\/v2\/pages\/4869"}],"wp:attachment":[{"href":"https:\/\/www.viaromeagermanica.de\/en\/wp-json\/wp\/v2\/media?parent=5062"}],"curies":[{"name":"wp","href":"https:\/\/api.w.org\/{rel}","templated":true}]}}