{"id":8049,"date":"2023-03-24T17:41:15","date_gmt":"2023-03-24T16:41:15","guid":{"rendered":"https:\/\/www.viaromeagermanica.info\/1679661630111\/?page_id=8049"},"modified":"2026-01-14T13:30:33","modified_gmt":"2026-01-14T12:30:33","slug":"franconia-romantica","status":"publish","type":"page","link":"https:\/\/www.viaromeagermanica.de\/it\/percorso-totale\/franconia-romantica\/","title":{"rendered":"Franconia romantica"},"content":{"rendered":"\t\t<div data-elementor-type=\"wp-page\" data-elementor-id=\"8049\" class=\"elementor elementor-8049 elementor-456\" data-elementor-post-type=\"page\">\n\t\t\t\t<div class=\"elementor-element elementor-element-559d7105 e-flex e-con-boxed e-con e-parent\" data-id=\"559d7105\" data-element_type=\"container\">\n\t\t\t\t\t<div class=\"e-con-inner\">\n\t\t\t\t<div class=\"elementor-element elementor-element-58269db0 elementor-widget elementor-widget-image\" data-id=\"58269db0\" data-element_type=\"widget\" data-widget_type=\"image.default\">\n\t\t\t\t<div class=\"elementor-widget-container\">\n\t\t\t\t\t\t\t\t\t\t\t\t\t\t\t<img fetchpriority=\"high\" decoding=\"async\" width=\"800\" height=\"336\" src=\"https:\/\/www.viaromeagermanica.de\/wp-content\/uploads\/2016\/04\/Pilgergruppe_Frauen_Foto_UE-1030x433.jpg\" class=\"attachment-large size-large wp-image-6188\" alt=\"\" srcset=\"https:\/\/www.viaromeagermanica.de\/wp-content\/uploads\/2016\/04\/Pilgergruppe_Frauen_Foto_UE-1030x433.jpg 1030w, https:\/\/www.viaromeagermanica.de\/wp-content\/uploads\/2016\/04\/Pilgergruppe_Frauen_Foto_UE-300x126.jpg 300w, https:\/\/www.viaromeagermanica.de\/wp-content\/uploads\/2016\/04\/Pilgergruppe_Frauen_Foto_UE-768x323.jpg 768w, https:\/\/www.viaromeagermanica.de\/wp-content\/uploads\/2016\/04\/Pilgergruppe_Frauen_Foto_UE.jpg 1500w, https:\/\/www.viaromeagermanica.de\/wp-content\/uploads\/2016\/04\/Pilgergruppe_Frauen_Foto_UE-705x296.jpg 705w, https:\/\/www.viaromeagermanica.de\/wp-content\/uploads\/2016\/04\/Pilgergruppe_Frauen_Foto_UE-450x189.jpg 450w\" sizes=\"(max-width: 800px) 100vw, 800px\" \/>\t\t\t\t\t\t\t\t\t\t\t\t\t\t\t<\/div>\n\t\t\t\t<\/div>\n\t\t\t\t\t<\/div>\n\t\t\t\t<\/div>\n\t\t<div class=\"elementor-element elementor-element-24213b7b e-flex e-con-boxed e-con e-parent\" data-id=\"24213b7b\" data-element_type=\"container\">\n\t\t\t\t\t<div class=\"e-con-inner\">\n\t\t\t\t<div class=\"elementor-element elementor-element-61ade252 elementor-widget elementor-widget-text-editor\" data-id=\"61ade252\" data-element_type=\"widget\" data-widget_type=\"text-editor.default\">\n\t\t\t\t<div class=\"elementor-widget-container\">\n\t\t\t\t\t\t\t\t\t<p>Sezione 8 VIA ROMEA<\/p>\n\t\t\t\t\t\t\t\t<\/div>\n\t\t\t\t<\/div>\n\t\t\t\t<div class=\"elementor-element elementor-element-462d8b09 elementor-widget elementor-widget-heading\" data-id=\"462d8b09\" data-element_type=\"widget\" data-widget_type=\"heading.default\">\n\t\t\t\t<div class=\"elementor-widget-container\">\n\t\t\t\t\t<h1 class=\"elementor-heading-title elementor-size-default\">FRANCONIA ROMANTICA - SACRO NEL CUORE<\/h1>\t\t\t\t<\/div>\n\t\t\t\t<\/div>\n\t\t\t\t<div class=\"elementor-element elementor-element-34813a98 elementor-widget elementor-widget-text-editor\" data-id=\"34813a98\" data-element_type=\"widget\" data-widget_type=\"text-editor.default\">\n\t\t\t\t<div class=\"elementor-widget-container\">\n\t\t\t\t\t\t\t\t\t<p>Il fiume Tauber attraversa la regione &#8220;Frankenh\u00f6he&#8221; e ci indica la strada. Ma anche i fiumi Sulzach e W\u00f6rnitz, che nascono entrambi a Schillingsf\u00fcrst, accompagnano la VIA ROMEA nel suo percorso. Il W\u00f6rmitz scorre a grandi passi accanto a Dinkelsb\u00fchl, la citt\u00e0 pi\u00f9 meridionale della diocesi medievale di W\u00fcrzburg.<\/p>\n\t\t\t\t\t\t\t\t<\/div>\n\t\t\t\t<\/div>\n\t\t\t\t<div class=\"elementor-element elementor-element-7a7ec9ad elementor-widget-divider--view-line elementor-widget elementor-widget-divider\" data-id=\"7a7ec9ad\" data-element_type=\"widget\" data-widget_type=\"divider.default\">\n\t\t\t\t<div class=\"elementor-widget-container\">\n\t\t\t\t\t\t\t<div class=\"elementor-divider\">\n\t\t\t<span class=\"elementor-divider-separator\">\n\t\t\t\t\t\t<\/span>\n\t\t<\/div>\n\t\t\t\t\t\t<\/div>\n\t\t\t\t<\/div>\n\t\t\t\t\t<\/div>\n\t\t\t\t<\/div>\n\t\t<div class=\"elementor-element elementor-element-17e4d485 e-flex e-con-boxed e-con e-parent\" data-id=\"17e4d485\" data-element_type=\"container\">\n\t\t\t\t\t<div class=\"e-con-inner\">\n\t\t<div class=\"elementor-element elementor-element-572e8ca5 e-con-full e-flex e-con e-child\" data-id=\"572e8ca5\" data-element_type=\"container\" data-settings=\"{&quot;background_background&quot;:&quot;classic&quot;}\">\n\t\t\t\t<div class=\"elementor-element elementor-element-64e443de elementor-widget elementor-widget-heading\" data-id=\"64e443de\" data-element_type=\"widget\" data-widget_type=\"heading.default\">\n\t\t\t\t<div class=\"elementor-widget-container\">\n\t\t\t\t\t<h2 class=\"elementor-heading-title elementor-size-default\">Alla descrizione del tour<\/h2>\t\t\t\t<\/div>\n\t\t\t\t<\/div>\n\t\t\t\t<\/div>\n\t\t<div class=\"elementor-element elementor-element-6275bb24 e-con-full e-flex e-con e-child\" data-id=\"6275bb24\" data-element_type=\"container\">\n\t\t\t\t<div class=\"elementor-element elementor-element-75486a17 elementor-widget elementor-widget-heading\" data-id=\"75486a17\" data-element_type=\"widget\" data-widget_type=\"heading.default\">\n\t\t\t\t<div class=\"elementor-widget-container\">\n\t\t\t\t\t<h2 class=\"elementor-heading-title elementor-size-default\">39 ROTHENBURG \u2013 SCHILLINGSF\u00dcRST<\/h2>\t\t\t\t<\/div>\n\t\t\t\t<\/div>\n\t\t\t\t<div class=\"elementor-element elementor-element-c3869ee elementor-widget elementor-widget-text-editor\" data-id=\"c3869ee\" data-element_type=\"widget\" data-widget_type=\"text-editor.default\">\n\t\t\t\t<div class=\"elementor-widget-container\">\n\t\t\t\t\t\t\t\t\t<p>Tutte le informazioni sul percorso<\/p>\n<p>La VIA ROMEA vi porta da Rothenburg a Schillingsf\u00fcrst.<\/p>\n\t\t\t\t\t\t\t\t<\/div>\n\t\t\t\t<\/div>\n\t\t\t\t<div class=\"elementor-element elementor-element-6bcf7b72 elementor-widget elementor-widget-button\" data-id=\"6bcf7b72\" data-element_type=\"widget\" data-widget_type=\"button.default\">\n\t\t\t\t<div class=\"elementor-widget-container\">\n\t\t\t\t\t\t\t\t\t<div class=\"elementor-button-wrapper\">\n\t\t\t\t\t<a class=\"elementor-button elementor-button-link elementor-size-sm\" href=\"https:\/\/www.outdooractive.com\/it\/route\/cammino\/frankenhoehe\/via-romea-germanica-rothenburg-o.d.t.-schillingsfuerst-ger39-\/22031494\/\" target=\"_blank\">\n\t\t\t\t\t\t<span class=\"elementor-button-content-wrapper\">\n\t\t\t\t\t\t<span class=\"elementor-button-icon\">\n\t\t\t\t<svg aria-hidden=\"true\" class=\"e-font-icon-svg e-fas-walking\" viewBox=\"0 0 320 512\" xmlns=\"http:\/\/www.w3.org\/2000\/svg\"><path d=\"M208 96c26.5 0 48-21.5 48-48S234.5 0 208 0s-48 21.5-48 48 21.5 48 48 48zm94.5 149.1l-23.3-11.8-9.7-29.4c-14.7-44.6-55.7-75.8-102.2-75.9-36-.1-55.9 10.1-93.3 25.2-21.6 8.7-39.3 25.2-49.7 46.2L17.6 213c-7.8 15.8-1.5 35 14.2 42.9 15.6 7.9 34.6 1.5 42.5-14.3L81 228c3.5-7 9.3-12.5 16.5-15.4l26.8-10.8-15.2 60.7c-5.2 20.8.4 42.9 14.9 58.8l59.9 65.4c7.2 7.9 12.3 17.4 14.9 27.7l18.3 73.3c4.3 17.1 21.7 27.6 38.8 23.3 17.1-4.3 27.6-21.7 23.3-38.8l-22.2-89c-2.6-10.3-7.7-19.9-14.9-27.7l-45.5-49.7 17.2-68.7 5.5 16.5c5.3 16.1 16.7 29.4 31.7 37l23.3 11.8c15.6 7.9 34.6 1.5 42.5-14.3 7.7-15.7 1.4-35.1-14.3-43zM73.6 385.8c-3.2 8.1-8 15.4-14.2 21.5l-50 50.1c-12.5 12.5-12.5 32.8 0 45.3s32.7 12.5 45.2 0l59.4-59.4c6.1-6.1 10.9-13.4 14.2-21.5l13.5-33.8c-55.3-60.3-38.7-41.8-47.4-53.7l-20.7 51.5z\"><\/path><\/svg>\t\t\t<\/span>\n\t\t\t\t\t\t\t\t\t<span class=\"elementor-button-text\">Alla descrizione del tour<\/span>\n\t\t\t\t\t<\/span>\n\t\t\t\t\t<\/a>\n\t\t\t\t<\/div>\n\t\t\t\t\t\t\t\t<\/div>\n\t\t\t\t<\/div>\n\t\t\t\t<\/div>\n\t\t\t\t\t<\/div>\n\t\t\t\t<\/div>\n\t\t<div class=\"elementor-element elementor-element-30b9f51d e-flex e-con-boxed e-con e-parent\" data-id=\"30b9f51d\" data-element_type=\"container\">\n\t\t\t\t\t<div class=\"e-con-inner\">\n\t\t<div class=\"elementor-element elementor-element-68f465a1 e-con-full e-flex e-con e-child\" data-id=\"68f465a1\" data-element_type=\"container\" data-settings=\"{&quot;background_background&quot;:&quot;classic&quot;}\">\n\t\t\t\t<div class=\"elementor-element elementor-element-3f414e21 elementor-widget elementor-widget-heading\" data-id=\"3f414e21\" data-element_type=\"widget\" data-widget_type=\"heading.default\">\n\t\t\t\t<div class=\"elementor-widget-container\">\n\t\t\t\t\t<h2 class=\"elementor-heading-title elementor-size-default\">Alla descrizione del tour<\/h2>\t\t\t\t<\/div>\n\t\t\t\t<\/div>\n\t\t\t\t<\/div>\n\t\t<div class=\"elementor-element elementor-element-1d91382d e-con-full e-flex e-con e-child\" data-id=\"1d91382d\" data-element_type=\"container\">\n\t\t\t\t<div class=\"elementor-element elementor-element-209a4288 elementor-widget elementor-widget-heading\" data-id=\"209a4288\" data-element_type=\"widget\" data-widget_type=\"heading.default\">\n\t\t\t\t<div class=\"elementor-widget-container\">\n\t\t\t\t\t<h2 class=\"elementor-heading-title elementor-size-default\">40 SCHILLINGSF\u00dcRST \u2013 FEUCHTWANGEN<\/h2>\t\t\t\t<\/div>\n\t\t\t\t<\/div>\n\t\t\t\t<div class=\"elementor-element elementor-element-420c3ba7 elementor-widget elementor-widget-text-editor\" data-id=\"420c3ba7\" data-element_type=\"widget\" data-widget_type=\"text-editor.default\">\n\t\t\t\t<div class=\"elementor-widget-container\">\n\t\t\t\t\t\t\t\t\t<p>Tutte le informazioni sul percorso<\/p>\n<p>La tappa del 40\u00b0 giorno della VIA ROMEA da Schillingsf\u00fcrst a Feuchtwangen si snoda in gran parte lungo la &#8220;Strada Romatica&#8221;.<\/p>\n\t\t\t\t\t\t\t\t<\/div>\n\t\t\t\t<\/div>\n\t\t\t\t<div class=\"elementor-element elementor-element-5dda0a11 elementor-widget elementor-widget-button\" data-id=\"5dda0a11\" data-element_type=\"widget\" data-widget_type=\"button.default\">\n\t\t\t\t<div class=\"elementor-widget-container\">\n\t\t\t\t\t\t\t\t\t<div class=\"elementor-button-wrapper\">\n\t\t\t\t\t<a class=\"elementor-button elementor-button-link elementor-size-sm\" href=\"https:\/\/www.outdooractive.com\/it\/route\/cammino\/frankenhoehe\/via-romea-germanica-schillingsfuerst-feuchtwangen-ger40-\/22045297\/\" target=\"_blank\">\n\t\t\t\t\t\t<span class=\"elementor-button-content-wrapper\">\n\t\t\t\t\t\t<span class=\"elementor-button-icon\">\n\t\t\t\t<svg aria-hidden=\"true\" class=\"e-font-icon-svg e-fas-walking\" viewBox=\"0 0 320 512\" xmlns=\"http:\/\/www.w3.org\/2000\/svg\"><path d=\"M208 96c26.5 0 48-21.5 48-48S234.5 0 208 0s-48 21.5-48 48 21.5 48 48 48zm94.5 149.1l-23.3-11.8-9.7-29.4c-14.7-44.6-55.7-75.8-102.2-75.9-36-.1-55.9 10.1-93.3 25.2-21.6 8.7-39.3 25.2-49.7 46.2L17.6 213c-7.8 15.8-1.5 35 14.2 42.9 15.6 7.9 34.6 1.5 42.5-14.3L81 228c3.5-7 9.3-12.5 16.5-15.4l26.8-10.8-15.2 60.7c-5.2 20.8.4 42.9 14.9 58.8l59.9 65.4c7.2 7.9 12.3 17.4 14.9 27.7l18.3 73.3c4.3 17.1 21.7 27.6 38.8 23.3 17.1-4.3 27.6-21.7 23.3-38.8l-22.2-89c-2.6-10.3-7.7-19.9-14.9-27.7l-45.5-49.7 17.2-68.7 5.5 16.5c5.3 16.1 16.7 29.4 31.7 37l23.3 11.8c15.6 7.9 34.6 1.5 42.5-14.3 7.7-15.7 1.4-35.1-14.3-43zM73.6 385.8c-3.2 8.1-8 15.4-14.2 21.5l-50 50.1c-12.5 12.5-12.5 32.8 0 45.3s32.7 12.5 45.2 0l59.4-59.4c6.1-6.1 10.9-13.4 14.2-21.5l13.5-33.8c-55.3-60.3-38.7-41.8-47.4-53.7l-20.7 51.5z\"><\/path><\/svg>\t\t\t<\/span>\n\t\t\t\t\t\t\t\t\t<span class=\"elementor-button-text\">Alla descrizione del tour<\/span>\n\t\t\t\t\t<\/span>\n\t\t\t\t\t<\/a>\n\t\t\t\t<\/div>\n\t\t\t\t\t\t\t\t<\/div>\n\t\t\t\t<\/div>\n\t\t\t\t<\/div>\n\t\t\t\t\t<\/div>\n\t\t\t\t<\/div>\n\t\t<div class=\"elementor-element elementor-element-253eada e-flex e-con-boxed e-con e-parent\" data-id=\"253eada\" data-element_type=\"container\">\n\t\t\t\t\t<div class=\"e-con-inner\">\n\t\t<div class=\"elementor-element elementor-element-c874df3 e-con-full e-flex e-con e-child\" data-id=\"c874df3\" data-element_type=\"container\" data-settings=\"{&quot;background_background&quot;:&quot;classic&quot;}\">\n\t\t\t\t<div class=\"elementor-element elementor-element-69220d0 elementor-widget elementor-widget-heading\" data-id=\"69220d0\" data-element_type=\"widget\" data-widget_type=\"heading.default\">\n\t\t\t\t<div class=\"elementor-widget-container\">\n\t\t\t\t\t<h2 class=\"elementor-heading-title elementor-size-default\">Alla descrizione del tour<\/h2>\t\t\t\t<\/div>\n\t\t\t\t<\/div>\n\t\t\t\t<\/div>\n\t\t<div class=\"elementor-element elementor-element-92d7b06 e-con-full e-flex e-con e-child\" data-id=\"92d7b06\" data-element_type=\"container\">\n\t\t\t\t<div class=\"elementor-element elementor-element-61e9a13 elementor-widget elementor-widget-heading\" data-id=\"61e9a13\" data-element_type=\"widget\" data-widget_type=\"heading.default\">\n\t\t\t\t<div class=\"elementor-widget-container\">\n\t\t\t\t\t<h2 class=\"elementor-heading-title elementor-size-default\">41 FEUCHTWANGEN \u2013 DINKELSB\u00dcHL<\/h2>\t\t\t\t<\/div>\n\t\t\t\t<\/div>\n\t\t\t\t<div class=\"elementor-element elementor-element-b036ba8 elementor-widget elementor-widget-text-editor\" data-id=\"b036ba8\" data-element_type=\"widget\" data-widget_type=\"text-editor.default\">\n\t\t\t\t<div class=\"elementor-widget-container\">\n\t\t\t\t\t\t\t\t\t<p>Tutte le informazioni sulla rotta VIA ROMEA tra Feuchtwangen e Dinkelsb\u00fchl.<\/p>\n\t\t\t\t\t\t\t\t<\/div>\n\t\t\t\t<\/div>\n\t\t\t\t<div class=\"elementor-element elementor-element-1933cb9 elementor-widget elementor-widget-button\" data-id=\"1933cb9\" data-element_type=\"widget\" data-widget_type=\"button.default\">\n\t\t\t\t<div class=\"elementor-widget-container\">\n\t\t\t\t\t\t\t\t\t<div class=\"elementor-button-wrapper\">\n\t\t\t\t\t<a class=\"elementor-button elementor-button-link elementor-size-sm\" href=\"https:\/\/www.outdooractive.com\/it\/route\/cammino\/frankenhoehe\/via-romea-germanica-feuchtwangen-dinkelsbuehl-ger41-\/22045752\/\" target=\"_blank\">\n\t\t\t\t\t\t<span class=\"elementor-button-content-wrapper\">\n\t\t\t\t\t\t<span class=\"elementor-button-icon\">\n\t\t\t\t<svg aria-hidden=\"true\" class=\"e-font-icon-svg e-fas-walking\" viewBox=\"0 0 320 512\" xmlns=\"http:\/\/www.w3.org\/2000\/svg\"><path d=\"M208 96c26.5 0 48-21.5 48-48S234.5 0 208 0s-48 21.5-48 48 21.5 48 48 48zm94.5 149.1l-23.3-11.8-9.7-29.4c-14.7-44.6-55.7-75.8-102.2-75.9-36-.1-55.9 10.1-93.3 25.2-21.6 8.7-39.3 25.2-49.7 46.2L17.6 213c-7.8 15.8-1.5 35 14.2 42.9 15.6 7.9 34.6 1.5 42.5-14.3L81 228c3.5-7 9.3-12.5 16.5-15.4l26.8-10.8-15.2 60.7c-5.2 20.8.4 42.9 14.9 58.8l59.9 65.4c7.2 7.9 12.3 17.4 14.9 27.7l18.3 73.3c4.3 17.1 21.7 27.6 38.8 23.3 17.1-4.3 27.6-21.7 23.3-38.8l-22.2-89c-2.6-10.3-7.7-19.9-14.9-27.7l-45.5-49.7 17.2-68.7 5.5 16.5c5.3 16.1 16.7 29.4 31.7 37l23.3 11.8c15.6 7.9 34.6 1.5 42.5-14.3 7.7-15.7 1.4-35.1-14.3-43zM73.6 385.8c-3.2 8.1-8 15.4-14.2 21.5l-50 50.1c-12.5 12.5-12.5 32.8 0 45.3s32.7 12.5 45.2 0l59.4-59.4c6.1-6.1 10.9-13.4 14.2-21.5l13.5-33.8c-55.3-60.3-38.7-41.8-47.4-53.7l-20.7 51.5z\"><\/path><\/svg>\t\t\t<\/span>\n\t\t\t\t\t\t\t\t\t<span class=\"elementor-button-text\">Alla descrizione del tour<\/span>\n\t\t\t\t\t<\/span>\n\t\t\t\t\t<\/a>\n\t\t\t\t<\/div>\n\t\t\t\t\t\t\t\t<\/div>\n\t\t\t\t<\/div>\n\t\t\t\t<\/div>\n\t\t\t\t\t<\/div>\n\t\t\t\t<\/div>\n\t\t\t\t<\/div>\n\t\t","protected":false},"excerpt":{"rendered":"<p>Sezione 8 VIA ROMEA FRANCONIA ROMANTICA &#8211; SACRO NEL CUORE Il fiume Tauber attraversa la regione &#8220;Frankenh\u00f6he&#8221; e ci indica la strada. Ma anche i fiumi Sulzach e W\u00f6rnitz, che [&hellip;]<\/p>\n","protected":false},"author":2,"featured_media":0,"parent":7975,"menu_order":0,"comment_status":"closed","ping_status":"closed","template":"","meta":{"footnotes":""},"class_list":["post-8049","page","type-page","status-publish","hentry"],"yoast_head":"<!-- This site is optimized with the Yoast SEO plugin v27.6 - https:\/\/yoast.com\/product\/yoast-seo-wordpress\/ -->\n<title>Franconia romantica - VIA ROMEA Germanica<\/title>\n<meta name=\"robots\" content=\"index, follow, max-snippet:-1, max-image-preview:large, max-video-preview:-1\" \/>\n<link rel=\"canonical\" href=\"https:\/\/www.viaromeagermanica.de\/gesamtstrecke\/romantisches-franken\/\" \/>\n<meta property=\"og:locale\" content=\"it_IT\" \/>\n<meta property=\"og:type\" content=\"article\" \/>\n<meta property=\"og:title\" content=\"Franconia romantica - VIA ROMEA Germanica\" \/>\n<meta property=\"og:description\" content=\"Sezione 8 VIA ROMEA FRANCONIA ROMANTICA &#8211; SACRO NEL CUORE Il fiume Tauber attraversa la regione &#8220;Frankenh\u00f6he&#8221; e ci indica la strada. Ma anche i fiumi Sulzach e W\u00f6rnitz, che [&hellip;]\" \/>\n<meta property=\"og:url\" content=\"https:\/\/www.viaromeagermanica.de\/gesamtstrecke\/romantisches-franken\/\" \/>\n<meta property=\"og:site_name\" content=\"VIA ROMEA Germanica\" \/>\n<meta property=\"article:modified_time\" content=\"2026-01-14T12:30:33+00:00\" \/>\n<meta property=\"og:image\" content=\"https:\/\/www.viaromeagermanica.de\/wp-content\/uploads\/2016\/04\/Pilgergruppe_Frauen_Foto_UE.jpg\" \/>\n\t<meta property=\"og:image:width\" content=\"1500\" \/>\n\t<meta property=\"og:image:height\" content=\"630\" \/>\n\t<meta property=\"og:image:type\" content=\"image\/jpeg\" \/>\n<meta name=\"twitter:card\" content=\"summary_large_image\" \/>\n<meta name=\"twitter:label1\" content=\"Tempo di lettura stimato\" \/>\n\t<meta name=\"twitter:data1\" content=\"1 minuto\" \/>\n<script type=\"application\/ld+json\" class=\"yoast-schema-graph\">{\"@context\":\"https:\\\/\\\/schema.org\",\"@graph\":[{\"@type\":\"WebPage\",\"@id\":\"https:\\\/\\\/www.viaromeagermanica.de\\\/gesamtstrecke\\\/romantisches-franken\\\/\",\"url\":\"https:\\\/\\\/www.viaromeagermanica.de\\\/gesamtstrecke\\\/romantisches-franken\\\/\",\"name\":\"Franconia romantica - VIA ROMEA Germanica\",\"isPartOf\":{\"@id\":\"https:\\\/\\\/www.viaromeagermanica.de\\\/#website\"},\"primaryImageOfPage\":{\"@id\":\"https:\\\/\\\/www.viaromeagermanica.de\\\/gesamtstrecke\\\/romantisches-franken\\\/#primaryimage\"},\"image\":{\"@id\":\"https:\\\/\\\/www.viaromeagermanica.de\\\/gesamtstrecke\\\/romantisches-franken\\\/#primaryimage\"},\"thumbnailUrl\":\"https:\\\/\\\/www.viaromeagermanica.de\\\/wp-content\\\/uploads\\\/2016\\\/04\\\/Pilgergruppe_Frauen_Foto_UE-1030x433.jpg\",\"datePublished\":\"2023-03-24T16:41:15+00:00\",\"dateModified\":\"2026-01-14T12:30:33+00:00\",\"breadcrumb\":{\"@id\":\"https:\\\/\\\/www.viaromeagermanica.de\\\/gesamtstrecke\\\/romantisches-franken\\\/#breadcrumb\"},\"inLanguage\":\"it-IT\",\"potentialAction\":[{\"@type\":\"ReadAction\",\"target\":[\"https:\\\/\\\/www.viaromeagermanica.de\\\/gesamtstrecke\\\/romantisches-franken\\\/\"]}]},{\"@type\":\"ImageObject\",\"inLanguage\":\"it-IT\",\"@id\":\"https:\\\/\\\/www.viaromeagermanica.de\\\/gesamtstrecke\\\/romantisches-franken\\\/#primaryimage\",\"url\":\"https:\\\/\\\/www.viaromeagermanica.de\\\/wp-content\\\/uploads\\\/2016\\\/04\\\/Pilgergruppe_Frauen_Foto_UE-1030x433.jpg\",\"contentUrl\":\"https:\\\/\\\/www.viaromeagermanica.de\\\/wp-content\\\/uploads\\\/2016\\\/04\\\/Pilgergruppe_Frauen_Foto_UE-1030x433.jpg\"},{\"@type\":\"BreadcrumbList\",\"@id\":\"https:\\\/\\\/www.viaromeagermanica.de\\\/gesamtstrecke\\\/romantisches-franken\\\/#breadcrumb\",\"itemListElement\":[{\"@type\":\"ListItem\",\"position\":1,\"name\":\"Startseite\",\"item\":\"https:\\\/\\\/www.viaromeagermanica.de\\\/\"},{\"@type\":\"ListItem\",\"position\":2,\"name\":\"Distanza totale\",\"item\":\"https:\\\/\\\/www.viaromeagermanica.de\\\/gesamtstrecke\\\/\"},{\"@type\":\"ListItem\",\"position\":3,\"name\":\"Franconia romantica\"}]},{\"@type\":\"WebSite\",\"@id\":\"https:\\\/\\\/www.viaromeagermanica.de\\\/#website\",\"url\":\"https:\\\/\\\/www.viaromeagermanica.de\\\/\",\"name\":\"VIA ROMEA Germanica\",\"description\":\"Pilgerweg\",\"publisher\":{\"@id\":\"https:\\\/\\\/www.viaromeagermanica.de\\\/#organization\"},\"potentialAction\":[{\"@type\":\"SearchAction\",\"target\":{\"@type\":\"EntryPoint\",\"urlTemplate\":\"https:\\\/\\\/www.viaromeagermanica.de\\\/?s={search_term_string}\"},\"query-input\":{\"@type\":\"PropertyValueSpecification\",\"valueRequired\":true,\"valueName\":\"search_term_string\"}}],\"inLanguage\":\"it-IT\"},{\"@type\":\"Organization\",\"@id\":\"https:\\\/\\\/www.viaromeagermanica.de\\\/#organization\",\"name\":\"VIA ROMEA Germanica\",\"url\":\"https:\\\/\\\/www.viaromeagermanica.de\\\/\",\"logo\":{\"@type\":\"ImageObject\",\"inLanguage\":\"it-IT\",\"@id\":\"https:\\\/\\\/www.viaromeagermanica.de\\\/#\\\/schema\\\/logo\\\/image\\\/\",\"url\":\"https:\\\/\\\/www.viaromeagermanica.de\\\/wp-content\\\/uploads\\\/2024\\\/04\\\/logo-vrg-ohne-rahmen.jpg\",\"contentUrl\":\"https:\\\/\\\/www.viaromeagermanica.de\\\/wp-content\\\/uploads\\\/2024\\\/04\\\/logo-vrg-ohne-rahmen.jpg\",\"width\":872,\"height\":873,\"caption\":\"VIA ROMEA Germanica\"},\"image\":{\"@id\":\"https:\\\/\\\/www.viaromeagermanica.de\\\/#\\\/schema\\\/logo\\\/image\\\/\"}}]}<\/script>\n<!-- \/ Yoast SEO plugin. -->","yoast_head_json":{"title":"Franconia romantica - VIA ROMEA Germanica","robots":{"index":"index","follow":"follow","max-snippet":"max-snippet:-1","max-image-preview":"max-image-preview:large","max-video-preview":"max-video-preview:-1"},"canonical":"https:\/\/www.viaromeagermanica.de\/gesamtstrecke\/romantisches-franken\/","og_locale":"it_IT","og_type":"article","og_title":"Franconia romantica - VIA ROMEA Germanica","og_description":"Sezione 8 VIA ROMEA FRANCONIA ROMANTICA &#8211; SACRO NEL CUORE Il fiume Tauber attraversa la regione &#8220;Frankenh\u00f6he&#8221; e ci indica la strada. Ma anche i fiumi Sulzach e W\u00f6rnitz, che [&hellip;]","og_url":"https:\/\/www.viaromeagermanica.de\/gesamtstrecke\/romantisches-franken\/","og_site_name":"VIA ROMEA Germanica","article_modified_time":"2026-01-14T12:30:33+00:00","og_image":[{"width":1500,"height":630,"url":"https:\/\/www.viaromeagermanica.de\/wp-content\/uploads\/2016\/04\/Pilgergruppe_Frauen_Foto_UE.jpg","type":"image\/jpeg"}],"twitter_card":"summary_large_image","twitter_misc":{"Tempo di lettura stimato":"1 minuto"},"schema":{"@context":"https:\/\/schema.org","@graph":[{"@type":"WebPage","@id":"https:\/\/www.viaromeagermanica.de\/gesamtstrecke\/romantisches-franken\/","url":"https:\/\/www.viaromeagermanica.de\/gesamtstrecke\/romantisches-franken\/","name":"Franconia romantica - VIA ROMEA Germanica","isPartOf":{"@id":"https:\/\/www.viaromeagermanica.de\/#website"},"primaryImageOfPage":{"@id":"https:\/\/www.viaromeagermanica.de\/gesamtstrecke\/romantisches-franken\/#primaryimage"},"image":{"@id":"https:\/\/www.viaromeagermanica.de\/gesamtstrecke\/romantisches-franken\/#primaryimage"},"thumbnailUrl":"https:\/\/www.viaromeagermanica.de\/wp-content\/uploads\/2016\/04\/Pilgergruppe_Frauen_Foto_UE-1030x433.jpg","datePublished":"2023-03-24T16:41:15+00:00","dateModified":"2026-01-14T12:30:33+00:00","breadcrumb":{"@id":"https:\/\/www.viaromeagermanica.de\/gesamtstrecke\/romantisches-franken\/#breadcrumb"},"inLanguage":"it-IT","potentialAction":[{"@type":"ReadAction","target":["https:\/\/www.viaromeagermanica.de\/gesamtstrecke\/romantisches-franken\/"]}]},{"@type":"ImageObject","inLanguage":"it-IT","@id":"https:\/\/www.viaromeagermanica.de\/gesamtstrecke\/romantisches-franken\/#primaryimage","url":"https:\/\/www.viaromeagermanica.de\/wp-content\/uploads\/2016\/04\/Pilgergruppe_Frauen_Foto_UE-1030x433.jpg","contentUrl":"https:\/\/www.viaromeagermanica.de\/wp-content\/uploads\/2016\/04\/Pilgergruppe_Frauen_Foto_UE-1030x433.jpg"},{"@type":"BreadcrumbList","@id":"https:\/\/www.viaromeagermanica.de\/gesamtstrecke\/romantisches-franken\/#breadcrumb","itemListElement":[{"@type":"ListItem","position":1,"name":"Startseite","item":"https:\/\/www.viaromeagermanica.de\/"},{"@type":"ListItem","position":2,"name":"Distanza totale","item":"https:\/\/www.viaromeagermanica.de\/gesamtstrecke\/"},{"@type":"ListItem","position":3,"name":"Franconia romantica"}]},{"@type":"WebSite","@id":"https:\/\/www.viaromeagermanica.de\/#website","url":"https:\/\/www.viaromeagermanica.de\/","name":"VIA ROMEA Germanica","description":"Pilgerweg","publisher":{"@id":"https:\/\/www.viaromeagermanica.de\/#organization"},"potentialAction":[{"@type":"SearchAction","target":{"@type":"EntryPoint","urlTemplate":"https:\/\/www.viaromeagermanica.de\/?s={search_term_string}"},"query-input":{"@type":"PropertyValueSpecification","valueRequired":true,"valueName":"search_term_string"}}],"inLanguage":"it-IT"},{"@type":"Organization","@id":"https:\/\/www.viaromeagermanica.de\/#organization","name":"VIA ROMEA Germanica","url":"https:\/\/www.viaromeagermanica.de\/","logo":{"@type":"ImageObject","inLanguage":"it-IT","@id":"https:\/\/www.viaromeagermanica.de\/#\/schema\/logo\/image\/","url":"https:\/\/www.viaromeagermanica.de\/wp-content\/uploads\/2024\/04\/logo-vrg-ohne-rahmen.jpg","contentUrl":"https:\/\/www.viaromeagermanica.de\/wp-content\/uploads\/2024\/04\/logo-vrg-ohne-rahmen.jpg","width":872,"height":873,"caption":"VIA ROMEA Germanica"},"image":{"@id":"https:\/\/www.viaromeagermanica.de\/#\/schema\/logo\/image\/"}}]}},"_links":{"self":[{"href":"https:\/\/www.viaromeagermanica.de\/it\/wp-json\/wp\/v2\/pages\/8049","targetHints":{"allow":["GET"]}}],"collection":[{"href":"https:\/\/www.viaromeagermanica.de\/it\/wp-json\/wp\/v2\/pages"}],"about":[{"href":"https:\/\/www.viaromeagermanica.de\/it\/wp-json\/wp\/v2\/types\/page"}],"author":[{"embeddable":true,"href":"https:\/\/www.viaromeagermanica.de\/it\/wp-json\/wp\/v2\/users\/2"}],"replies":[{"embeddable":true,"href":"https:\/\/www.viaromeagermanica.de\/it\/wp-json\/wp\/v2\/comments?post=8049"}],"version-history":[{"count":7,"href":"https:\/\/www.viaromeagermanica.de\/it\/wp-json\/wp\/v2\/pages\/8049\/revisions"}],"predecessor-version":[{"id":14633,"href":"https:\/\/www.viaromeagermanica.de\/it\/wp-json\/wp\/v2\/pages\/8049\/revisions\/14633"}],"up":[{"embeddable":true,"href":"https:\/\/www.viaromeagermanica.de\/it\/wp-json\/wp\/v2\/pages\/7975"}],"wp:attachment":[{"href":"https:\/\/www.viaromeagermanica.de\/it\/wp-json\/wp\/v2\/media?parent=8049"}],"curies":[{"name":"wp","href":"https:\/\/api.w.org\/{rel}","templated":true}]}}