{"id":8055,"date":"2023-03-24T17:42:39","date_gmt":"2023-03-24T16:42:39","guid":{"rendered":"https:\/\/www.viaromeagermanica.info\/1679661630111\/?page_id=8055"},"modified":"2026-01-14T13:33:14","modified_gmt":"2026-01-14T12:33:14","slug":"donau-ries","status":"publish","type":"page","link":"https:\/\/www.viaromeagermanica.de\/it\/percorso-totale\/donau-ries\/","title":{"rendered":"Donau &#8211; Ries"},"content":{"rendered":"\t\t<div data-elementor-type=\"wp-page\" data-elementor-id=\"8055\" class=\"elementor elementor-8055 elementor-458\" data-elementor-post-type=\"page\">\n\t\t\t\t<div class=\"elementor-element elementor-element-1c4000cd e-flex e-con-boxed e-con e-parent\" data-id=\"1c4000cd\" data-element_type=\"container\">\n\t\t\t\t\t<div class=\"e-con-inner\">\n\t\t\t\t<div class=\"elementor-element elementor-element-a08fde9 elementor-widget elementor-widget-image\" data-id=\"a08fde9\" data-element_type=\"widget\" data-widget_type=\"image.default\">\n\t\t\t\t<div class=\"elementor-widget-container\">\n\t\t\t\t\t\t\t\t\t\t\t\t\t\t\t<img fetchpriority=\"high\" decoding=\"async\" width=\"800\" height=\"336\" src=\"https:\/\/www.viaromeagermanica.de\/wp-content\/uploads\/2016\/04\/Pilger_Hinweisschild_Baum_Foto_UE-1030x433.jpg\" class=\"attachment-large size-large wp-image-6190\" alt=\"\" srcset=\"https:\/\/www.viaromeagermanica.de\/wp-content\/uploads\/2016\/04\/Pilger_Hinweisschild_Baum_Foto_UE-1030x433.jpg 1030w, https:\/\/www.viaromeagermanica.de\/wp-content\/uploads\/2016\/04\/Pilger_Hinweisschild_Baum_Foto_UE-300x126.jpg 300w, https:\/\/www.viaromeagermanica.de\/wp-content\/uploads\/2016\/04\/Pilger_Hinweisschild_Baum_Foto_UE-768x323.jpg 768w, https:\/\/www.viaromeagermanica.de\/wp-content\/uploads\/2016\/04\/Pilger_Hinweisschild_Baum_Foto_UE.jpg 1500w, https:\/\/www.viaromeagermanica.de\/wp-content\/uploads\/2016\/04\/Pilger_Hinweisschild_Baum_Foto_UE-705x296.jpg 705w, https:\/\/www.viaromeagermanica.de\/wp-content\/uploads\/2016\/04\/Pilger_Hinweisschild_Baum_Foto_UE-450x189.jpg 450w\" sizes=\"(max-width: 800px) 100vw, 800px\" \/>\t\t\t\t\t\t\t\t\t\t\t\t\t\t\t<\/div>\n\t\t\t\t<\/div>\n\t\t\t\t\t<\/div>\n\t\t\t\t<\/div>\n\t\t<div class=\"elementor-element elementor-element-4893d426 e-flex e-con-boxed e-con e-parent\" data-id=\"4893d426\" data-element_type=\"container\">\n\t\t\t\t\t<div class=\"e-con-inner\">\n\t\t\t\t<div class=\"elementor-element elementor-element-360baad9 elementor-widget elementor-widget-text-editor\" data-id=\"360baad9\" data-element_type=\"widget\" data-widget_type=\"text-editor.default\">\n\t\t\t\t<div class=\"elementor-widget-container\">\n\t\t\t\t\t\t\t\t\t<p>Sezione 9 VIA ROMEA<\/p>\n\t\t\t\t\t\t\t\t<\/div>\n\t\t\t\t<\/div>\n\t\t\t\t<div class=\"elementor-element elementor-element-5bf86809 elementor-widget elementor-widget-heading\" data-id=\"5bf86809\" data-element_type=\"widget\" data-widget_type=\"heading.default\">\n\t\t\t\t<div class=\"elementor-widget-container\">\n\t\t\t\t\t<h1 class=\"elementor-heading-title elementor-size-default\">DONAU-RIES - TERRA CREATA DAL CIELO<\/h1>\t\t\t\t<\/div>\n\t\t\t\t<\/div>\n\t\t\t\t<div class=\"elementor-element elementor-element-5efa2abd elementor-widget elementor-widget-text-editor\" data-id=\"5efa2abd\" data-element_type=\"widget\" data-widget_type=\"text-editor.default\">\n\t\t\t\t<div class=\"elementor-widget-container\">\n\t\t\t\t\t\t\t\t\tIl &#8220;N\u00f6rdlinger Ries&#8221; \u00e8 stato creato dall&#8217;impatto di un meteorite che, quasi 15 milioni di anni fa, ha colpito il margine del Giura Svevo e ha scavato un cratere. Questo impatto \u00e8 su larga scala come le mura della citt\u00e0 di N\u00f6rdlingen su piccola scala &#8211; circolare.\t\t\t\t\t\t\t\t<\/div>\n\t\t\t\t<\/div>\n\t\t\t\t<div class=\"elementor-element elementor-element-48e60d78 elementor-widget-divider--view-line elementor-widget elementor-widget-divider\" data-id=\"48e60d78\" data-element_type=\"widget\" data-widget_type=\"divider.default\">\n\t\t\t\t<div class=\"elementor-widget-container\">\n\t\t\t\t\t\t\t<div class=\"elementor-divider\">\n\t\t\t<span class=\"elementor-divider-separator\">\n\t\t\t\t\t\t<\/span>\n\t\t<\/div>\n\t\t\t\t\t\t<\/div>\n\t\t\t\t<\/div>\n\t\t\t\t\t<\/div>\n\t\t\t\t<\/div>\n\t\t<div class=\"elementor-element elementor-element-748095df e-flex e-con-boxed e-con e-parent\" data-id=\"748095df\" data-element_type=\"container\">\n\t\t\t\t\t<div class=\"e-con-inner\">\n\t\t<div class=\"elementor-element elementor-element-409346fe e-con-full e-flex e-con e-child\" data-id=\"409346fe\" data-element_type=\"container\" data-settings=\"{&quot;background_background&quot;:&quot;classic&quot;}\">\n\t\t\t\t<div class=\"elementor-element elementor-element-32702cc1 elementor-widget elementor-widget-heading\" data-id=\"32702cc1\" data-element_type=\"widget\" data-widget_type=\"heading.default\">\n\t\t\t\t<div class=\"elementor-widget-container\">\n\t\t\t\t\t<h2 class=\"elementor-heading-title elementor-size-default\">Alla descrizione del tour<\/h2>\t\t\t\t<\/div>\n\t\t\t\t<\/div>\n\t\t\t\t<\/div>\n\t\t<div class=\"elementor-element elementor-element-2526114a e-con-full e-flex e-con e-child\" data-id=\"2526114a\" data-element_type=\"container\">\n\t\t\t\t<div class=\"elementor-element elementor-element-44c73dc1 elementor-widget elementor-widget-heading\" data-id=\"44c73dc1\" data-element_type=\"widget\" data-widget_type=\"heading.default\">\n\t\t\t\t<div class=\"elementor-widget-container\">\n\t\t\t\t\t<h2 class=\"elementor-heading-title elementor-size-default\">42 DINKELSB\u00dcHL \u2013 N\u00d6RDLINGEN<\/h2>\t\t\t\t<\/div>\n\t\t\t\t<\/div>\n\t\t\t\t<div class=\"elementor-element elementor-element-797391e2 elementor-widget elementor-widget-text-editor\" data-id=\"797391e2\" data-element_type=\"widget\" data-widget_type=\"text-editor.default\">\n\t\t\t\t<div class=\"elementor-widget-container\">\n\t\t\t\t\t\t\t\t\t<p>Tutte le informazioni sul percorso<\/p>\n<p>Lunga tappa di un giorno del percorso di pellegrinaggio tra Dinkelsb\u00fchl e N\u00f6rdlingen. Il percorso si snoda attraverso Wilburgstetten, Fremdingen e Marktoffingen verso N\u00f6rdlingen, una delle poche citt\u00e0 in Europa con una fortificazione cittadina completamente conservata.<\/p>\n\t\t\t\t\t\t\t\t<\/div>\n\t\t\t\t<\/div>\n\t\t\t\t<div class=\"elementor-element elementor-element-f9891d7 elementor-widget elementor-widget-button\" data-id=\"f9891d7\" data-element_type=\"widget\" data-widget_type=\"button.default\">\n\t\t\t\t<div class=\"elementor-widget-container\">\n\t\t\t\t\t\t\t\t\t<div class=\"elementor-button-wrapper\">\n\t\t\t\t\t<a class=\"elementor-button elementor-button-link elementor-size-sm\" href=\"https:\/\/www.outdooractive.com\/it\/route\/cammino\/frankenhoehe\/via-romea-germanica-dinkelsbuehl-noerdlingen-ger42-\/18770156\/\" target=\"_blank\">\n\t\t\t\t\t\t<span class=\"elementor-button-content-wrapper\">\n\t\t\t\t\t\t<span class=\"elementor-button-icon\">\n\t\t\t\t<svg aria-hidden=\"true\" class=\"e-font-icon-svg e-fas-walking\" viewBox=\"0 0 320 512\" xmlns=\"http:\/\/www.w3.org\/2000\/svg\"><path d=\"M208 96c26.5 0 48-21.5 48-48S234.5 0 208 0s-48 21.5-48 48 21.5 48 48 48zm94.5 149.1l-23.3-11.8-9.7-29.4c-14.7-44.6-55.7-75.8-102.2-75.9-36-.1-55.9 10.1-93.3 25.2-21.6 8.7-39.3 25.2-49.7 46.2L17.6 213c-7.8 15.8-1.5 35 14.2 42.9 15.6 7.9 34.6 1.5 42.5-14.3L81 228c3.5-7 9.3-12.5 16.5-15.4l26.8-10.8-15.2 60.7c-5.2 20.8.4 42.9 14.9 58.8l59.9 65.4c7.2 7.9 12.3 17.4 14.9 27.7l18.3 73.3c4.3 17.1 21.7 27.6 38.8 23.3 17.1-4.3 27.6-21.7 23.3-38.8l-22.2-89c-2.6-10.3-7.7-19.9-14.9-27.7l-45.5-49.7 17.2-68.7 5.5 16.5c5.3 16.1 16.7 29.4 31.7 37l23.3 11.8c15.6 7.9 34.6 1.5 42.5-14.3 7.7-15.7 1.4-35.1-14.3-43zM73.6 385.8c-3.2 8.1-8 15.4-14.2 21.5l-50 50.1c-12.5 12.5-12.5 32.8 0 45.3s32.7 12.5 45.2 0l59.4-59.4c6.1-6.1 10.9-13.4 14.2-21.5l13.5-33.8c-55.3-60.3-38.7-41.8-47.4-53.7l-20.7 51.5z\"><\/path><\/svg>\t\t\t<\/span>\n\t\t\t\t\t\t\t\t\t<span class=\"elementor-button-text\">Alla descrizione del tour<\/span>\n\t\t\t\t\t<\/span>\n\t\t\t\t\t<\/a>\n\t\t\t\t<\/div>\n\t\t\t\t\t\t\t\t<\/div>\n\t\t\t\t<\/div>\n\t\t\t\t<\/div>\n\t\t\t\t\t<\/div>\n\t\t\t\t<\/div>\n\t\t<div class=\"elementor-element elementor-element-6390abdc e-flex e-con-boxed e-con e-parent\" data-id=\"6390abdc\" data-element_type=\"container\">\n\t\t\t\t\t<div class=\"e-con-inner\">\n\t\t<div class=\"elementor-element elementor-element-72d943c0 e-con-full e-flex e-con e-child\" data-id=\"72d943c0\" data-element_type=\"container\" data-settings=\"{&quot;background_background&quot;:&quot;classic&quot;}\">\n\t\t\t\t<div class=\"elementor-element elementor-element-1e5d27f1 elementor-widget elementor-widget-heading\" data-id=\"1e5d27f1\" data-element_type=\"widget\" data-widget_type=\"heading.default\">\n\t\t\t\t<div class=\"elementor-widget-container\">\n\t\t\t\t\t<h2 class=\"elementor-heading-title elementor-size-default\">Alla descrizione del tour<\/h2>\t\t\t\t<\/div>\n\t\t\t\t<\/div>\n\t\t\t\t<\/div>\n\t\t<div class=\"elementor-element elementor-element-6b4a7177 e-con-full e-flex e-con e-child\" data-id=\"6b4a7177\" data-element_type=\"container\">\n\t\t\t\t<div class=\"elementor-element elementor-element-3b9081c2 elementor-widget elementor-widget-heading\" data-id=\"3b9081c2\" data-element_type=\"widget\" data-widget_type=\"heading.default\">\n\t\t\t\t<div class=\"elementor-widget-container\">\n\t\t\t\t\t<h2 class=\"elementor-heading-title elementor-size-default\">43 N\u00d6RDLINGEN \u2013 HARBURG<\/h2>\t\t\t\t<\/div>\n\t\t\t\t<\/div>\n\t\t\t\t<div class=\"elementor-element elementor-element-33e164d6 elementor-widget elementor-widget-text-editor\" data-id=\"33e164d6\" data-element_type=\"widget\" data-widget_type=\"text-editor.default\">\n\t\t\t\t<div class=\"elementor-widget-container\">\n\t\t\t\t\t\t\t\t\t<p>Tutte le informazioni sul percorso La tappa di VIA ROMEA da N\u00f6rdlingen a Harburg attraversa un terreno aperto e un tratto pi\u00f9 lungo in un&#8217;area boschiva.<\/p>\n\t\t\t\t\t\t\t\t<\/div>\n\t\t\t\t<\/div>\n\t\t\t\t<div class=\"elementor-element elementor-element-7cbf0c9d elementor-widget elementor-widget-button\" data-id=\"7cbf0c9d\" data-element_type=\"widget\" data-widget_type=\"button.default\">\n\t\t\t\t<div class=\"elementor-widget-container\">\n\t\t\t\t\t\t\t\t\t<div class=\"elementor-button-wrapper\">\n\t\t\t\t\t<a class=\"elementor-button elementor-button-link elementor-size-sm\" href=\"https:\/\/www.outdooractive.com\/it\/route\/cammino\/svevia\/via-romea-germanica-noerdlingen-harburg-ger43-\/18845375\/\" target=\"_blank\">\n\t\t\t\t\t\t<span class=\"elementor-button-content-wrapper\">\n\t\t\t\t\t\t<span class=\"elementor-button-icon\">\n\t\t\t\t<svg aria-hidden=\"true\" class=\"e-font-icon-svg e-fas-walking\" viewBox=\"0 0 320 512\" xmlns=\"http:\/\/www.w3.org\/2000\/svg\"><path d=\"M208 96c26.5 0 48-21.5 48-48S234.5 0 208 0s-48 21.5-48 48 21.5 48 48 48zm94.5 149.1l-23.3-11.8-9.7-29.4c-14.7-44.6-55.7-75.8-102.2-75.9-36-.1-55.9 10.1-93.3 25.2-21.6 8.7-39.3 25.2-49.7 46.2L17.6 213c-7.8 15.8-1.5 35 14.2 42.9 15.6 7.9 34.6 1.5 42.5-14.3L81 228c3.5-7 9.3-12.5 16.5-15.4l26.8-10.8-15.2 60.7c-5.2 20.8.4 42.9 14.9 58.8l59.9 65.4c7.2 7.9 12.3 17.4 14.9 27.7l18.3 73.3c4.3 17.1 21.7 27.6 38.8 23.3 17.1-4.3 27.6-21.7 23.3-38.8l-22.2-89c-2.6-10.3-7.7-19.9-14.9-27.7l-45.5-49.7 17.2-68.7 5.5 16.5c5.3 16.1 16.7 29.4 31.7 37l23.3 11.8c15.6 7.9 34.6 1.5 42.5-14.3 7.7-15.7 1.4-35.1-14.3-43zM73.6 385.8c-3.2 8.1-8 15.4-14.2 21.5l-50 50.1c-12.5 12.5-12.5 32.8 0 45.3s32.7 12.5 45.2 0l59.4-59.4c6.1-6.1 10.9-13.4 14.2-21.5l13.5-33.8c-55.3-60.3-38.7-41.8-47.4-53.7l-20.7 51.5z\"><\/path><\/svg>\t\t\t<\/span>\n\t\t\t\t\t\t\t\t\t<span class=\"elementor-button-text\">Alla descrizione del tour<\/span>\n\t\t\t\t\t<\/span>\n\t\t\t\t\t<\/a>\n\t\t\t\t<\/div>\n\t\t\t\t\t\t\t\t<\/div>\n\t\t\t\t<\/div>\n\t\t\t\t<\/div>\n\t\t\t\t\t<\/div>\n\t\t\t\t<\/div>\n\t\t<div class=\"elementor-element elementor-element-889145b e-flex e-con-boxed e-con e-parent\" data-id=\"889145b\" data-element_type=\"container\">\n\t\t\t\t\t<div class=\"e-con-inner\">\n\t\t<div class=\"elementor-element elementor-element-0485fd8 e-con-full e-flex e-con e-child\" data-id=\"0485fd8\" data-element_type=\"container\" data-settings=\"{&quot;background_background&quot;:&quot;classic&quot;}\">\n\t\t\t\t<div class=\"elementor-element elementor-element-2a5fbf4 elementor-widget elementor-widget-heading\" data-id=\"2a5fbf4\" data-element_type=\"widget\" data-widget_type=\"heading.default\">\n\t\t\t\t<div class=\"elementor-widget-container\">\n\t\t\t\t\t<h2 class=\"elementor-heading-title elementor-size-default\">Alla descrizione del tour<\/h2>\t\t\t\t<\/div>\n\t\t\t\t<\/div>\n\t\t\t\t<\/div>\n\t\t<div class=\"elementor-element elementor-element-563adaf e-con-full e-flex e-con e-child\" data-id=\"563adaf\" data-element_type=\"container\">\n\t\t\t\t<div class=\"elementor-element elementor-element-46b8e87 elementor-widget elementor-widget-heading\" data-id=\"46b8e87\" data-element_type=\"widget\" data-widget_type=\"heading.default\">\n\t\t\t\t<div class=\"elementor-widget-container\">\n\t\t\t\t\t<h2 class=\"elementor-heading-title elementor-size-default\">44 HARBURG \u2013 DONAUW\u00d6RTH<\/h2>\t\t\t\t<\/div>\n\t\t\t\t<\/div>\n\t\t\t\t<div class=\"elementor-element elementor-element-3c082e5 elementor-widget elementor-widget-text-editor\" data-id=\"3c082e5\" data-element_type=\"widget\" data-widget_type=\"text-editor.default\">\n\t\t\t\t<div class=\"elementor-widget-container\">\n\t\t\t\t\t\t\t\t\t<p>Tutte le informazioni sul percorso<\/p>\n<p>Nella tappa di un giorno di VIA ROMEA da Harburg a Donauw\u00f6rth, il percorso si snoda lungo il W\u00f6rmitz passando per Br\u00fcnsee, Ebermergen e W\u00f6rnitzstein. A Donauw\u00f6rth, il W\u00f6rnitz sfocia nel Danubio.<\/p>\n\t\t\t\t\t\t\t\t<\/div>\n\t\t\t\t<\/div>\n\t\t\t\t<div class=\"elementor-element elementor-element-e9df872 elementor-widget elementor-widget-button\" data-id=\"e9df872\" data-element_type=\"widget\" data-widget_type=\"button.default\">\n\t\t\t\t<div class=\"elementor-widget-container\">\n\t\t\t\t\t\t\t\t\t<div class=\"elementor-button-wrapper\">\n\t\t\t\t\t<a class=\"elementor-button elementor-button-link elementor-size-sm\" href=\"https:\/\/www.outdooractive.com\/it\/route\/cammino\/svevia\/via-romea-germanica-harburg-donauwoerth-ger44-\/18940624\/\" target=\"_blank\">\n\t\t\t\t\t\t<span class=\"elementor-button-content-wrapper\">\n\t\t\t\t\t\t<span class=\"elementor-button-icon\">\n\t\t\t\t<svg aria-hidden=\"true\" class=\"e-font-icon-svg e-fas-walking\" viewBox=\"0 0 320 512\" xmlns=\"http:\/\/www.w3.org\/2000\/svg\"><path d=\"M208 96c26.5 0 48-21.5 48-48S234.5 0 208 0s-48 21.5-48 48 21.5 48 48 48zm94.5 149.1l-23.3-11.8-9.7-29.4c-14.7-44.6-55.7-75.8-102.2-75.9-36-.1-55.9 10.1-93.3 25.2-21.6 8.7-39.3 25.2-49.7 46.2L17.6 213c-7.8 15.8-1.5 35 14.2 42.9 15.6 7.9 34.6 1.5 42.5-14.3L81 228c3.5-7 9.3-12.5 16.5-15.4l26.8-10.8-15.2 60.7c-5.2 20.8.4 42.9 14.9 58.8l59.9 65.4c7.2 7.9 12.3 17.4 14.9 27.7l18.3 73.3c4.3 17.1 21.7 27.6 38.8 23.3 17.1-4.3 27.6-21.7 23.3-38.8l-22.2-89c-2.6-10.3-7.7-19.9-14.9-27.7l-45.5-49.7 17.2-68.7 5.5 16.5c5.3 16.1 16.7 29.4 31.7 37l23.3 11.8c15.6 7.9 34.6 1.5 42.5-14.3 7.7-15.7 1.4-35.1-14.3-43zM73.6 385.8c-3.2 8.1-8 15.4-14.2 21.5l-50 50.1c-12.5 12.5-12.5 32.8 0 45.3s32.7 12.5 45.2 0l59.4-59.4c6.1-6.1 10.9-13.4 14.2-21.5l13.5-33.8c-55.3-60.3-38.7-41.8-47.4-53.7l-20.7 51.5z\"><\/path><\/svg>\t\t\t<\/span>\n\t\t\t\t\t\t\t\t\t<span class=\"elementor-button-text\">Alla descrizione del tour<\/span>\n\t\t\t\t\t<\/span>\n\t\t\t\t\t<\/a>\n\t\t\t\t<\/div>\n\t\t\t\t\t\t\t\t<\/div>\n\t\t\t\t<\/div>\n\t\t\t\t<\/div>\n\t\t\t\t\t<\/div>\n\t\t\t\t<\/div>\n\t\t\t\t<\/div>\n\t\t","protected":false},"excerpt":{"rendered":"<p>Sezione 9 VIA ROMEA DONAU-RIES &#8211; TERRA CREATA DAL CIELO Il &#8220;N\u00f6rdlinger Ries&#8221; \u00e8 stato creato dall&#8217;impatto di un meteorite che, quasi 15 milioni di anni fa, ha colpito il [&hellip;]<\/p>\n","protected":false},"author":2,"featured_media":0,"parent":7975,"menu_order":0,"comment_status":"closed","ping_status":"closed","template":"","meta":{"footnotes":""},"class_list":["post-8055","page","type-page","status-publish","hentry"],"yoast_head":"<!-- This site is optimized with the Yoast SEO plugin v27.6 - https:\/\/yoast.com\/product\/yoast-seo-wordpress\/ -->\n<title>Donau - Ries - VIA ROMEA Germanica<\/title>\n<meta name=\"robots\" content=\"index, follow, max-snippet:-1, max-image-preview:large, max-video-preview:-1\" \/>\n<link rel=\"canonical\" href=\"https:\/\/www.viaromeagermanica.de\/gesamtstrecke\/donau-ries\/\" \/>\n<meta property=\"og:locale\" content=\"it_IT\" \/>\n<meta property=\"og:type\" content=\"article\" \/>\n<meta property=\"og:title\" content=\"Donau - Ries - VIA ROMEA Germanica\" \/>\n<meta property=\"og:description\" content=\"Sezione 9 VIA ROMEA DONAU-RIES &#8211; TERRA CREATA DAL CIELO Il &#8220;N\u00f6rdlinger Ries&#8221; \u00e8 stato creato dall&#8217;impatto di un meteorite che, quasi 15 milioni di anni fa, ha colpito il [&hellip;]\" \/>\n<meta property=\"og:url\" content=\"https:\/\/www.viaromeagermanica.de\/gesamtstrecke\/donau-ries\/\" \/>\n<meta property=\"og:site_name\" content=\"VIA ROMEA Germanica\" \/>\n<meta property=\"article:modified_time\" content=\"2026-01-14T12:33:14+00:00\" \/>\n<meta property=\"og:image\" content=\"https:\/\/www.viaromeagermanica.de\/wp-content\/uploads\/2016\/04\/Pilger_Hinweisschild_Baum_Foto_UE.jpg\" \/>\n\t<meta property=\"og:image:width\" content=\"1500\" \/>\n\t<meta property=\"og:image:height\" content=\"630\" \/>\n\t<meta property=\"og:image:type\" content=\"image\/jpeg\" \/>\n<meta name=\"twitter:card\" content=\"summary_large_image\" \/>\n<meta name=\"twitter:label1\" content=\"Tempo di lettura stimato\" \/>\n\t<meta name=\"twitter:data1\" content=\"2 minuti\" \/>\n<script type=\"application\/ld+json\" class=\"yoast-schema-graph\">{\"@context\":\"https:\\\/\\\/schema.org\",\"@graph\":[{\"@type\":\"WebPage\",\"@id\":\"https:\\\/\\\/www.viaromeagermanica.de\\\/gesamtstrecke\\\/donau-ries\\\/\",\"url\":\"https:\\\/\\\/www.viaromeagermanica.de\\\/gesamtstrecke\\\/donau-ries\\\/\",\"name\":\"Donau - Ries - VIA ROMEA Germanica\",\"isPartOf\":{\"@id\":\"https:\\\/\\\/www.viaromeagermanica.de\\\/#website\"},\"primaryImageOfPage\":{\"@id\":\"https:\\\/\\\/www.viaromeagermanica.de\\\/gesamtstrecke\\\/donau-ries\\\/#primaryimage\"},\"image\":{\"@id\":\"https:\\\/\\\/www.viaromeagermanica.de\\\/gesamtstrecke\\\/donau-ries\\\/#primaryimage\"},\"thumbnailUrl\":\"https:\\\/\\\/www.viaromeagermanica.de\\\/wp-content\\\/uploads\\\/2016\\\/04\\\/Pilger_Hinweisschild_Baum_Foto_UE-1030x433.jpg\",\"datePublished\":\"2023-03-24T16:42:39+00:00\",\"dateModified\":\"2026-01-14T12:33:14+00:00\",\"breadcrumb\":{\"@id\":\"https:\\\/\\\/www.viaromeagermanica.de\\\/gesamtstrecke\\\/donau-ries\\\/#breadcrumb\"},\"inLanguage\":\"it-IT\",\"potentialAction\":[{\"@type\":\"ReadAction\",\"target\":[\"https:\\\/\\\/www.viaromeagermanica.de\\\/gesamtstrecke\\\/donau-ries\\\/\"]}]},{\"@type\":\"ImageObject\",\"inLanguage\":\"it-IT\",\"@id\":\"https:\\\/\\\/www.viaromeagermanica.de\\\/gesamtstrecke\\\/donau-ries\\\/#primaryimage\",\"url\":\"https:\\\/\\\/www.viaromeagermanica.de\\\/wp-content\\\/uploads\\\/2016\\\/04\\\/Pilger_Hinweisschild_Baum_Foto_UE-1030x433.jpg\",\"contentUrl\":\"https:\\\/\\\/www.viaromeagermanica.de\\\/wp-content\\\/uploads\\\/2016\\\/04\\\/Pilger_Hinweisschild_Baum_Foto_UE-1030x433.jpg\"},{\"@type\":\"BreadcrumbList\",\"@id\":\"https:\\\/\\\/www.viaromeagermanica.de\\\/gesamtstrecke\\\/donau-ries\\\/#breadcrumb\",\"itemListElement\":[{\"@type\":\"ListItem\",\"position\":1,\"name\":\"Startseite\",\"item\":\"https:\\\/\\\/www.viaromeagermanica.de\\\/\"},{\"@type\":\"ListItem\",\"position\":2,\"name\":\"Distanza totale\",\"item\":\"https:\\\/\\\/www.viaromeagermanica.de\\\/gesamtstrecke\\\/\"},{\"@type\":\"ListItem\",\"position\":3,\"name\":\"Donau &#8211; Ries\"}]},{\"@type\":\"WebSite\",\"@id\":\"https:\\\/\\\/www.viaromeagermanica.de\\\/#website\",\"url\":\"https:\\\/\\\/www.viaromeagermanica.de\\\/\",\"name\":\"VIA ROMEA Germanica\",\"description\":\"Pilgerweg\",\"publisher\":{\"@id\":\"https:\\\/\\\/www.viaromeagermanica.de\\\/#organization\"},\"potentialAction\":[{\"@type\":\"SearchAction\",\"target\":{\"@type\":\"EntryPoint\",\"urlTemplate\":\"https:\\\/\\\/www.viaromeagermanica.de\\\/?s={search_term_string}\"},\"query-input\":{\"@type\":\"PropertyValueSpecification\",\"valueRequired\":true,\"valueName\":\"search_term_string\"}}],\"inLanguage\":\"it-IT\"},{\"@type\":\"Organization\",\"@id\":\"https:\\\/\\\/www.viaromeagermanica.de\\\/#organization\",\"name\":\"VIA ROMEA Germanica\",\"url\":\"https:\\\/\\\/www.viaromeagermanica.de\\\/\",\"logo\":{\"@type\":\"ImageObject\",\"inLanguage\":\"it-IT\",\"@id\":\"https:\\\/\\\/www.viaromeagermanica.de\\\/#\\\/schema\\\/logo\\\/image\\\/\",\"url\":\"https:\\\/\\\/www.viaromeagermanica.de\\\/wp-content\\\/uploads\\\/2024\\\/04\\\/logo-vrg-ohne-rahmen.jpg\",\"contentUrl\":\"https:\\\/\\\/www.viaromeagermanica.de\\\/wp-content\\\/uploads\\\/2024\\\/04\\\/logo-vrg-ohne-rahmen.jpg\",\"width\":872,\"height\":873,\"caption\":\"VIA ROMEA Germanica\"},\"image\":{\"@id\":\"https:\\\/\\\/www.viaromeagermanica.de\\\/#\\\/schema\\\/logo\\\/image\\\/\"}}]}<\/script>\n<!-- \/ Yoast SEO plugin. -->","yoast_head_json":{"title":"Donau - Ries - VIA ROMEA Germanica","robots":{"index":"index","follow":"follow","max-snippet":"max-snippet:-1","max-image-preview":"max-image-preview:large","max-video-preview":"max-video-preview:-1"},"canonical":"https:\/\/www.viaromeagermanica.de\/gesamtstrecke\/donau-ries\/","og_locale":"it_IT","og_type":"article","og_title":"Donau - Ries - VIA ROMEA Germanica","og_description":"Sezione 9 VIA ROMEA DONAU-RIES &#8211; TERRA CREATA DAL CIELO Il &#8220;N\u00f6rdlinger Ries&#8221; \u00e8 stato creato dall&#8217;impatto di un meteorite che, quasi 15 milioni di anni fa, ha colpito il [&hellip;]","og_url":"https:\/\/www.viaromeagermanica.de\/gesamtstrecke\/donau-ries\/","og_site_name":"VIA ROMEA Germanica","article_modified_time":"2026-01-14T12:33:14+00:00","og_image":[{"width":1500,"height":630,"url":"https:\/\/www.viaromeagermanica.de\/wp-content\/uploads\/2016\/04\/Pilger_Hinweisschild_Baum_Foto_UE.jpg","type":"image\/jpeg"}],"twitter_card":"summary_large_image","twitter_misc":{"Tempo di lettura stimato":"2 minuti"},"schema":{"@context":"https:\/\/schema.org","@graph":[{"@type":"WebPage","@id":"https:\/\/www.viaromeagermanica.de\/gesamtstrecke\/donau-ries\/","url":"https:\/\/www.viaromeagermanica.de\/gesamtstrecke\/donau-ries\/","name":"Donau - Ries - VIA ROMEA Germanica","isPartOf":{"@id":"https:\/\/www.viaromeagermanica.de\/#website"},"primaryImageOfPage":{"@id":"https:\/\/www.viaromeagermanica.de\/gesamtstrecke\/donau-ries\/#primaryimage"},"image":{"@id":"https:\/\/www.viaromeagermanica.de\/gesamtstrecke\/donau-ries\/#primaryimage"},"thumbnailUrl":"https:\/\/www.viaromeagermanica.de\/wp-content\/uploads\/2016\/04\/Pilger_Hinweisschild_Baum_Foto_UE-1030x433.jpg","datePublished":"2023-03-24T16:42:39+00:00","dateModified":"2026-01-14T12:33:14+00:00","breadcrumb":{"@id":"https:\/\/www.viaromeagermanica.de\/gesamtstrecke\/donau-ries\/#breadcrumb"},"inLanguage":"it-IT","potentialAction":[{"@type":"ReadAction","target":["https:\/\/www.viaromeagermanica.de\/gesamtstrecke\/donau-ries\/"]}]},{"@type":"ImageObject","inLanguage":"it-IT","@id":"https:\/\/www.viaromeagermanica.de\/gesamtstrecke\/donau-ries\/#primaryimage","url":"https:\/\/www.viaromeagermanica.de\/wp-content\/uploads\/2016\/04\/Pilger_Hinweisschild_Baum_Foto_UE-1030x433.jpg","contentUrl":"https:\/\/www.viaromeagermanica.de\/wp-content\/uploads\/2016\/04\/Pilger_Hinweisschild_Baum_Foto_UE-1030x433.jpg"},{"@type":"BreadcrumbList","@id":"https:\/\/www.viaromeagermanica.de\/gesamtstrecke\/donau-ries\/#breadcrumb","itemListElement":[{"@type":"ListItem","position":1,"name":"Startseite","item":"https:\/\/www.viaromeagermanica.de\/"},{"@type":"ListItem","position":2,"name":"Distanza totale","item":"https:\/\/www.viaromeagermanica.de\/gesamtstrecke\/"},{"@type":"ListItem","position":3,"name":"Donau &#8211; Ries"}]},{"@type":"WebSite","@id":"https:\/\/www.viaromeagermanica.de\/#website","url":"https:\/\/www.viaromeagermanica.de\/","name":"VIA ROMEA Germanica","description":"Pilgerweg","publisher":{"@id":"https:\/\/www.viaromeagermanica.de\/#organization"},"potentialAction":[{"@type":"SearchAction","target":{"@type":"EntryPoint","urlTemplate":"https:\/\/www.viaromeagermanica.de\/?s={search_term_string}"},"query-input":{"@type":"PropertyValueSpecification","valueRequired":true,"valueName":"search_term_string"}}],"inLanguage":"it-IT"},{"@type":"Organization","@id":"https:\/\/www.viaromeagermanica.de\/#organization","name":"VIA ROMEA Germanica","url":"https:\/\/www.viaromeagermanica.de\/","logo":{"@type":"ImageObject","inLanguage":"it-IT","@id":"https:\/\/www.viaromeagermanica.de\/#\/schema\/logo\/image\/","url":"https:\/\/www.viaromeagermanica.de\/wp-content\/uploads\/2024\/04\/logo-vrg-ohne-rahmen.jpg","contentUrl":"https:\/\/www.viaromeagermanica.de\/wp-content\/uploads\/2024\/04\/logo-vrg-ohne-rahmen.jpg","width":872,"height":873,"caption":"VIA ROMEA Germanica"},"image":{"@id":"https:\/\/www.viaromeagermanica.de\/#\/schema\/logo\/image\/"}}]}},"_links":{"self":[{"href":"https:\/\/www.viaromeagermanica.de\/it\/wp-json\/wp\/v2\/pages\/8055","targetHints":{"allow":["GET"]}}],"collection":[{"href":"https:\/\/www.viaromeagermanica.de\/it\/wp-json\/wp\/v2\/pages"}],"about":[{"href":"https:\/\/www.viaromeagermanica.de\/it\/wp-json\/wp\/v2\/types\/page"}],"author":[{"embeddable":true,"href":"https:\/\/www.viaromeagermanica.de\/it\/wp-json\/wp\/v2\/users\/2"}],"replies":[{"embeddable":true,"href":"https:\/\/www.viaromeagermanica.de\/it\/wp-json\/wp\/v2\/comments?post=8055"}],"version-history":[{"count":7,"href":"https:\/\/www.viaromeagermanica.de\/it\/wp-json\/wp\/v2\/pages\/8055\/revisions"}],"predecessor-version":[{"id":14636,"href":"https:\/\/www.viaromeagermanica.de\/it\/wp-json\/wp\/v2\/pages\/8055\/revisions\/14636"}],"up":[{"embeddable":true,"href":"https:\/\/www.viaromeagermanica.de\/it\/wp-json\/wp\/v2\/pages\/7975"}],"wp:attachment":[{"href":"https:\/\/www.viaromeagermanica.de\/it\/wp-json\/wp\/v2\/media?parent=8055"}],"curies":[{"name":"wp","href":"https:\/\/api.w.org\/{rel}","templated":true}]}}