{"id":8184,"date":"2023-03-27T14:22:06","date_gmt":"2023-03-27T12:22:06","guid":{"rendered":"https:\/\/www.viaromeagermanica.info\/1679661630111\/?page_id=8184"},"modified":"2026-04-24T09:31:59","modified_gmt":"2026-04-24T07:31:59","slug":"rifugio-del-pellegrino","status":"publish","type":"page","link":"https:\/\/www.viaromeagermanica.de\/it\/rifugio-del-pellegrino\/","title":{"rendered":"Alloggio per pellegrini"},"content":{"rendered":"\t\t<div data-elementor-type=\"wp-page\" data-elementor-id=\"8184\" class=\"elementor elementor-8184 elementor-144\" data-elementor-post-type=\"page\">\n\t\t\t\t<div class=\"elementor-element elementor-element-1e9323e3 e-flex e-con-boxed e-con e-parent\" data-id=\"1e9323e3\" data-element_type=\"container\" data-settings=\"{&quot;background_background&quot;:&quot;classic&quot;}\">\n\t\t\t\t\t<div class=\"e-con-inner\">\n\t\t\t\t\t<\/div>\n\t\t\t\t<\/div>\n\t\t<div class=\"elementor-element elementor-element-41fd6c1c e-flex e-con-boxed e-con e-parent\" data-id=\"41fd6c1c\" data-element_type=\"container\">\n\t\t\t\t\t<div class=\"e-con-inner\">\n\t\t\t\t<div class=\"elementor-element elementor-element-72e00c8f elementor-widget elementor-widget-heading\" data-id=\"72e00c8f\" data-element_type=\"widget\" data-widget_type=\"heading.default\">\n\t\t\t\t<div class=\"elementor-widget-container\">\n\t\t\t\t\t<h1 class=\"elementor-heading-title elementor-size-default\">Alloggio per pellegrini<\/h1>\t\t\t\t<\/div>\n\t\t\t\t<\/div>\n\t\t\t\t<div class=\"elementor-element elementor-element-33c3f63d elementor-widget elementor-widget-text-editor\" data-id=\"33c3f63d\" data-element_type=\"widget\" data-widget_type=\"text-editor.default\">\n\t\t\t\t<div class=\"elementor-widget-container\">\n\t\t\t\t\t\t\t\t\t<p>Chi viaggia a lungo come pellegrino non pu\u00f2 e non vuole necessariamente permettersi una pensione o un albergo. Allo stesso tempo, il comfort offerto non \u00e8 cos\u00ec importante in un pellegrinaggio.<\/p>\n<p>Tuttavia, \u00e8 ovvio che non si pu\u00f2 fare a meno dell&#8217;alloggio. I pellegrini di solito sono felici di trovare un alloggio semplice ma sicuro che offra un posto per dormire, una toilette, acqua corrente o forse anche una doccia :-).<\/p>\n<p>Abbiamo compilato per voi un elenco di alloggi lungo il percorso di pellegrinaggio della VIA ROMEA. L&#8217;elenco \u00e8 stato compilato sulla base delle informazioni fornite dai pellegrini e dai membri dell&#8217;associazione di supporto.<\/p>\n<p>Desideriamo sottolineare che l&#8217;elenco degli alloggi non ha la pretesa di essere completo e che non abbiamo verificato l&#8217;effettiva idoneit\u00e0 di tutti gli alloggi ad accogliere i pellegrini.<\/p>\n\t\t\t\t\t\t\t\t<\/div>\n\t\t\t\t<\/div>\n\t\t\t\t\t<\/div>\n\t\t\t\t<\/div>\n\t\t<div class=\"elementor-element elementor-element-4fb54ee e-flex e-con-boxed e-con e-parent\" data-id=\"4fb54ee\" data-element_type=\"container\">\n\t\t\t\t\t<div class=\"e-con-inner\">\n\t\t\t\t<div class=\"elementor-element elementor-element-79050252 elementor-position-left elementor-view-default elementor-mobile-position-top elementor-widget elementor-widget-icon-box\" data-id=\"79050252\" data-element_type=\"widget\" data-widget_type=\"icon-box.default\">\n\t\t\t\t<div class=\"elementor-widget-container\">\n\t\t\t\t\t\t\t<div class=\"elementor-icon-box-wrapper\">\n\n\t\t\t\t\t\t<div class=\"elementor-icon-box-icon\">\n\t\t\t\t<span  class=\"elementor-icon\">\n\t\t\t\t<i aria-hidden=\"true\" class=\"icon icon-document\"><\/i>\t\t\t\t<\/span>\n\t\t\t<\/div>\n\t\t\t\n\t\t\t\t\t\t<div class=\"elementor-icon-box-content\">\n\n\t\t\t\t\t\t\t\t\t<h3 class=\"elementor-icon-box-title\">\n\t\t\t\t\t\t<span  >\n\t\t\t\t\t\t\tELENCO ALLOGGI GERMANIA E TIROLO\t\t\t\t\t\t<\/span>\n\t\t\t\t\t<\/h3>\n\t\t\t\t\n\t\t\t\t\n\t\t\t<\/div>\n\t\t\t\n\t\t<\/div>\n\t\t\t\t\t\t<\/div>\n\t\t\t\t<\/div>\n\t\t\t\t<div class=\"elementor-element elementor-element-5e725fc8 elementor-align-left elementor-widget elementor-widget-button\" data-id=\"5e725fc8\" data-element_type=\"widget\" data-widget_type=\"button.default\">\n\t\t\t\t<div class=\"elementor-widget-container\">\n\t\t\t\t\t\t\t\t\t<div class=\"elementor-button-wrapper\">\n\t\t\t\t\t<a class=\"elementor-button elementor-button-link elementor-size-sm\" href=\"https:\/\/www.viaromeagermanica.de\/wp-content\/uploads\/2026\/04\/2026-04-24-VRG-Unterkunftsliste.pdf\" target=\"_blank\">\n\t\t\t\t\t\t<span class=\"elementor-button-content-wrapper\">\n\t\t\t\t\t\t\t\t\t<span class=\"elementor-button-text\">Scarica ora (Stato 24 aprile 2026)<\/span>\n\t\t\t\t\t<\/span>\n\t\t\t\t\t<\/a>\n\t\t\t\t<\/div>\n\t\t\t\t\t\t\t\t<\/div>\n\t\t\t\t<\/div>\n\t\t\t\t<div class=\"elementor-element elementor-element-4dd0c1d1 elementor-widget elementor-widget-text-editor\" data-id=\"4dd0c1d1\" data-element_type=\"widget\" data-widget_type=\"text-editor.default\">\n\t\t\t\t<div class=\"elementor-widget-container\">\n\t\t\t\t\t\t\t\t\t<p>Se avete suggerimenti per modifiche, aggiunte o errori, fatecelo sapere.<\/p><p>Inviate il vostro messaggio al nostro indirizzo e-mail <a href=\"mailto:kontakt@viaromeagermanica.de\">kontakt@viaromeagermanica.de<\/a><\/p>\t\t\t\t\t\t\t\t<\/div>\n\t\t\t\t<\/div>\n\t\t\t\t\t<\/div>\n\t\t\t\t<\/div>\n\t\t<div class=\"elementor-element elementor-element-10a95e25 e-flex e-con-boxed e-con e-parent\" data-id=\"10a95e25\" data-element_type=\"container\">\n\t\t\t\t\t<div class=\"e-con-inner\">\n\t\t\t\t<div class=\"elementor-element elementor-element-7da84c90 elementor-widget-divider--view-line elementor-widget elementor-widget-divider\" data-id=\"7da84c90\" data-element_type=\"widget\" data-widget_type=\"divider.default\">\n\t\t\t\t<div class=\"elementor-widget-container\">\n\t\t\t\t\t\t\t<div class=\"elementor-divider\">\n\t\t\t<span class=\"elementor-divider-separator\">\n\t\t\t\t\t\t<\/span>\n\t\t<\/div>\n\t\t\t\t\t\t<\/div>\n\t\t\t\t<\/div>\n\t\t\t\t<div class=\"elementor-element elementor-element-542c4b10 elementor-widget elementor-widget-text-editor\" data-id=\"542c4b10\" data-element_type=\"widget\" data-widget_type=\"text-editor.default\">\n\t\t\t\t<div class=\"elementor-widget-container\">\n\t\t\t\t\t\t\t\t\t<p>Nei seguenti link troverete le persone di contatto delle parrocchie lungo la VIA ROMEA in Austria.<br \/>\nSiete invitati a contattarli anche per l&#8217;alloggio.<\/p>\n\t\t\t\t\t\t\t\t<\/div>\n\t\t\t\t<\/div>\n\t\t\t\t<div class=\"elementor-element elementor-element-e360105 elementor-widget elementor-widget-text-editor\" data-id=\"e360105\" data-element_type=\"widget\" data-widget_type=\"text-editor.default\">\n\t\t\t\t<div class=\"elementor-widget-container\">\n\t\t\t\t\t\t\t\t\t<ul>\n<li><a href=\"http:\/\/www.dibk.at\/Media\/Pfarren\/Seefeld\" target=\"_blank\" rel=\"noopener\">Seefeld in Tirol<\/a><\/li>\n<li><a href=\"http:\/\/www.dibk.at\/Media\/Pfarren\/Zirl-SR-Zirl-Pettnau\" target=\"_blank\" rel=\"noopener\">Zirl<\/a><\/li>\n<li><a href=\"http:\/\/www.dibk.at\/Media\/Pfarren?letter=i&amp;page=1\" target=\"_blank\" rel=\"noopener\">Innsbruck (alle Pfarren der Stadt Innsbruck)<\/a><\/li>\n<li><a href=\"http:\/\/www.dibk.at\/Media\/Pfarren\/Vill\" target=\"_blank\" rel=\"noopener\">Vill<\/a><\/li>\n<li><a href=\"http:\/\/www.dibk.at\/Media\/Pfarren\/Igls\" target=\"_blank\" rel=\"noopener\">Igls<\/a><\/li>\n<li><a href=\"http:\/\/www.dibk.at\/Media\/Pfarren\/Patsch\" target=\"_blank\" rel=\"noopener\">Patsch<\/a><\/li>\n<li><a href=\"http:\/\/www.dibk.at\/Media\/Pfarren\/Matrei-am-Brenner-SR-Matrei-Navis-SR-Mittleres-Wipptal-Teilerrichtung\" target=\"_blank\" rel=\"noopener\">Matrei am Brenner<\/a><\/li>\n<\/ul>\n\t\t\t\t\t\t\t\t<\/div>\n\t\t\t\t<\/div>\n\t\t\t\t\t<\/div>\n\t\t\t\t<\/div>\n\t\t<div class=\"elementor-element elementor-element-0e65a4b e-flex e-con-boxed e-con e-parent\" data-id=\"0e65a4b\" data-element_type=\"container\">\n\t\t\t\t\t<div class=\"e-con-inner\">\n\t\t\t\t<div class=\"elementor-element elementor-element-82b0b30 elementor-widget-divider--view-line elementor-widget elementor-widget-divider\" data-id=\"82b0b30\" data-element_type=\"widget\" data-widget_type=\"divider.default\">\n\t\t\t\t<div class=\"elementor-widget-container\">\n\t\t\t\t\t\t\t<div class=\"elementor-divider\">\n\t\t\t<span class=\"elementor-divider-separator\">\n\t\t\t\t\t\t<\/span>\n\t\t<\/div>\n\t\t\t\t\t\t<\/div>\n\t\t\t\t<\/div>\n\t\t\t\t<div class=\"elementor-element elementor-element-1abce34 elementor-widget elementor-widget-text-editor\" data-id=\"1abce34\" data-element_type=\"widget\" data-widget_type=\"text-editor.default\">\n\t\t\t\t<div class=\"elementor-widget-container\">\n\t\t\t\t\t\t\t\t\t<p>Gli alloggi per il tratto italiano del percorso sono disponibili sul sito web dell&#8217;organizzazione italiana promotrice. Per ottenere un elenco, cliccare sulla scheda &#8220;Alloggio&#8221; delle singole tappe.<\/p>\n\t\t\t\t\t\t\t\t<\/div>\n\t\t\t\t<\/div>\n\t\t\t\t<div class=\"elementor-element elementor-element-d804d03 elementor-align-left elementor-widget elementor-widget-button\" data-id=\"d804d03\" data-element_type=\"widget\" data-widget_type=\"button.default\">\n\t\t\t\t<div class=\"elementor-widget-container\">\n\t\t\t\t\t\t\t\t\t<div class=\"elementor-button-wrapper\">\n\t\t\t\t\t<a class=\"elementor-button elementor-button-link elementor-size-sm\" href=\"https:\/\/viaromeagermanica.it\/tappe-e-percorsi\/\" target=\"_blank\">\n\t\t\t\t\t\t<span class=\"elementor-button-content-wrapper\">\n\t\t\t\t\t\t\t\t\t<span class=\"elementor-button-text\">Panoramica della tappa in Italia e suggerimenti per l'alloggio<\/span>\n\t\t\t\t\t<\/span>\n\t\t\t\t\t<\/a>\n\t\t\t\t<\/div>\n\t\t\t\t\t\t\t\t<\/div>\n\t\t\t\t<\/div>\n\t\t\t\t\t<\/div>\n\t\t\t\t<\/div>\n\t\t\t\t<\/div>\n\t\t","protected":false},"excerpt":{"rendered":"<p>Alloggio per pellegrini Chi viaggia a lungo come pellegrino non pu\u00f2 e non vuole necessariamente permettersi una pensione o un albergo. Allo stesso tempo, il comfort offerto non \u00e8 cos\u00ec [&hellip;]<\/p>\n","protected":false},"author":2,"featured_media":0,"parent":0,"menu_order":99,"comment_status":"closed","ping_status":"closed","template":"","meta":{"footnotes":""},"class_list":["post-8184","page","type-page","status-publish","hentry"],"yoast_head":"<!-- This site is optimized with the Yoast SEO plugin v27.6 - https:\/\/yoast.com\/product\/yoast-seo-wordpress\/ -->\n<title>Alloggio per pellegrini - VIA ROMEA Germanica<\/title>\n<meta name=\"robots\" content=\"index, follow, max-snippet:-1, max-image-preview:large, max-video-preview:-1\" \/>\n<link rel=\"canonical\" href=\"https:\/\/www.viaromeagermanica.de\/pilgerunterkunft\/\" \/>\n<meta property=\"og:locale\" content=\"it_IT\" \/>\n<meta property=\"og:type\" content=\"article\" \/>\n<meta property=\"og:title\" content=\"Alloggio per pellegrini - VIA ROMEA Germanica\" \/>\n<meta property=\"og:description\" content=\"Alloggio per pellegrini Chi viaggia a lungo come pellegrino non pu\u00f2 e non vuole necessariamente permettersi una pensione o un albergo. Allo stesso tempo, il comfort offerto non \u00e8 cos\u00ec [&hellip;]\" \/>\n<meta property=\"og:url\" content=\"https:\/\/www.viaromeagermanica.de\/pilgerunterkunft\/\" \/>\n<meta property=\"og:site_name\" content=\"VIA ROMEA Germanica\" \/>\n<meta property=\"article:modified_time\" content=\"2026-04-24T07:31:59+00:00\" \/>\n<meta name=\"twitter:card\" content=\"summary_large_image\" \/>\n<meta name=\"twitter:label1\" content=\"Tempo di lettura stimato\" \/>\n\t<meta name=\"twitter:data1\" content=\"2 minuti\" \/>\n<script type=\"application\/ld+json\" class=\"yoast-schema-graph\">{\"@context\":\"https:\\\/\\\/schema.org\",\"@graph\":[{\"@type\":\"WebPage\",\"@id\":\"https:\\\/\\\/www.viaromeagermanica.de\\\/pilgerunterkunft\\\/\",\"url\":\"https:\\\/\\\/www.viaromeagermanica.de\\\/pilgerunterkunft\\\/\",\"name\":\"Alloggio per pellegrini - VIA ROMEA Germanica\",\"isPartOf\":{\"@id\":\"https:\\\/\\\/www.viaromeagermanica.de\\\/#website\"},\"datePublished\":\"2023-03-27T12:22:06+00:00\",\"dateModified\":\"2026-04-24T07:31:59+00:00\",\"breadcrumb\":{\"@id\":\"https:\\\/\\\/www.viaromeagermanica.de\\\/pilgerunterkunft\\\/#breadcrumb\"},\"inLanguage\":\"it-IT\",\"potentialAction\":[{\"@type\":\"ReadAction\",\"target\":[\"https:\\\/\\\/www.viaromeagermanica.de\\\/pilgerunterkunft\\\/\"]}]},{\"@type\":\"BreadcrumbList\",\"@id\":\"https:\\\/\\\/www.viaromeagermanica.de\\\/pilgerunterkunft\\\/#breadcrumb\",\"itemListElement\":[{\"@type\":\"ListItem\",\"position\":1,\"name\":\"Startseite\",\"item\":\"https:\\\/\\\/www.viaromeagermanica.de\\\/\"},{\"@type\":\"ListItem\",\"position\":2,\"name\":\"Alloggio per pellegrini\"}]},{\"@type\":\"WebSite\",\"@id\":\"https:\\\/\\\/www.viaromeagermanica.de\\\/#website\",\"url\":\"https:\\\/\\\/www.viaromeagermanica.de\\\/\",\"name\":\"VIA ROMEA Germanica\",\"description\":\"Pilgerweg\",\"publisher\":{\"@id\":\"https:\\\/\\\/www.viaromeagermanica.de\\\/#organization\"},\"potentialAction\":[{\"@type\":\"SearchAction\",\"target\":{\"@type\":\"EntryPoint\",\"urlTemplate\":\"https:\\\/\\\/www.viaromeagermanica.de\\\/?s={search_term_string}\"},\"query-input\":{\"@type\":\"PropertyValueSpecification\",\"valueRequired\":true,\"valueName\":\"search_term_string\"}}],\"inLanguage\":\"it-IT\"},{\"@type\":\"Organization\",\"@id\":\"https:\\\/\\\/www.viaromeagermanica.de\\\/#organization\",\"name\":\"VIA ROMEA Germanica\",\"url\":\"https:\\\/\\\/www.viaromeagermanica.de\\\/\",\"logo\":{\"@type\":\"ImageObject\",\"inLanguage\":\"it-IT\",\"@id\":\"https:\\\/\\\/www.viaromeagermanica.de\\\/#\\\/schema\\\/logo\\\/image\\\/\",\"url\":\"https:\\\/\\\/www.viaromeagermanica.de\\\/wp-content\\\/uploads\\\/2024\\\/04\\\/logo-vrg-ohne-rahmen.jpg\",\"contentUrl\":\"https:\\\/\\\/www.viaromeagermanica.de\\\/wp-content\\\/uploads\\\/2024\\\/04\\\/logo-vrg-ohne-rahmen.jpg\",\"width\":872,\"height\":873,\"caption\":\"VIA ROMEA Germanica\"},\"image\":{\"@id\":\"https:\\\/\\\/www.viaromeagermanica.de\\\/#\\\/schema\\\/logo\\\/image\\\/\"}}]}<\/script>\n<!-- \/ Yoast SEO plugin. -->","yoast_head_json":{"title":"Alloggio per pellegrini - VIA ROMEA Germanica","robots":{"index":"index","follow":"follow","max-snippet":"max-snippet:-1","max-image-preview":"max-image-preview:large","max-video-preview":"max-video-preview:-1"},"canonical":"https:\/\/www.viaromeagermanica.de\/pilgerunterkunft\/","og_locale":"it_IT","og_type":"article","og_title":"Alloggio per pellegrini - VIA ROMEA Germanica","og_description":"Alloggio per pellegrini Chi viaggia a lungo come pellegrino non pu\u00f2 e non vuole necessariamente permettersi una pensione o un albergo. Allo stesso tempo, il comfort offerto non \u00e8 cos\u00ec [&hellip;]","og_url":"https:\/\/www.viaromeagermanica.de\/pilgerunterkunft\/","og_site_name":"VIA ROMEA Germanica","article_modified_time":"2026-04-24T07:31:59+00:00","twitter_card":"summary_large_image","twitter_misc":{"Tempo di lettura stimato":"2 minuti"},"schema":{"@context":"https:\/\/schema.org","@graph":[{"@type":"WebPage","@id":"https:\/\/www.viaromeagermanica.de\/pilgerunterkunft\/","url":"https:\/\/www.viaromeagermanica.de\/pilgerunterkunft\/","name":"Alloggio per pellegrini - VIA ROMEA Germanica","isPartOf":{"@id":"https:\/\/www.viaromeagermanica.de\/#website"},"datePublished":"2023-03-27T12:22:06+00:00","dateModified":"2026-04-24T07:31:59+00:00","breadcrumb":{"@id":"https:\/\/www.viaromeagermanica.de\/pilgerunterkunft\/#breadcrumb"},"inLanguage":"it-IT","potentialAction":[{"@type":"ReadAction","target":["https:\/\/www.viaromeagermanica.de\/pilgerunterkunft\/"]}]},{"@type":"BreadcrumbList","@id":"https:\/\/www.viaromeagermanica.de\/pilgerunterkunft\/#breadcrumb","itemListElement":[{"@type":"ListItem","position":1,"name":"Startseite","item":"https:\/\/www.viaromeagermanica.de\/"},{"@type":"ListItem","position":2,"name":"Alloggio per pellegrini"}]},{"@type":"WebSite","@id":"https:\/\/www.viaromeagermanica.de\/#website","url":"https:\/\/www.viaromeagermanica.de\/","name":"VIA ROMEA Germanica","description":"Pilgerweg","publisher":{"@id":"https:\/\/www.viaromeagermanica.de\/#organization"},"potentialAction":[{"@type":"SearchAction","target":{"@type":"EntryPoint","urlTemplate":"https:\/\/www.viaromeagermanica.de\/?s={search_term_string}"},"query-input":{"@type":"PropertyValueSpecification","valueRequired":true,"valueName":"search_term_string"}}],"inLanguage":"it-IT"},{"@type":"Organization","@id":"https:\/\/www.viaromeagermanica.de\/#organization","name":"VIA ROMEA Germanica","url":"https:\/\/www.viaromeagermanica.de\/","logo":{"@type":"ImageObject","inLanguage":"it-IT","@id":"https:\/\/www.viaromeagermanica.de\/#\/schema\/logo\/image\/","url":"https:\/\/www.viaromeagermanica.de\/wp-content\/uploads\/2024\/04\/logo-vrg-ohne-rahmen.jpg","contentUrl":"https:\/\/www.viaromeagermanica.de\/wp-content\/uploads\/2024\/04\/logo-vrg-ohne-rahmen.jpg","width":872,"height":873,"caption":"VIA ROMEA Germanica"},"image":{"@id":"https:\/\/www.viaromeagermanica.de\/#\/schema\/logo\/image\/"}}]}},"_links":{"self":[{"href":"https:\/\/www.viaromeagermanica.de\/it\/wp-json\/wp\/v2\/pages\/8184","targetHints":{"allow":["GET"]}}],"collection":[{"href":"https:\/\/www.viaromeagermanica.de\/it\/wp-json\/wp\/v2\/pages"}],"about":[{"href":"https:\/\/www.viaromeagermanica.de\/it\/wp-json\/wp\/v2\/types\/page"}],"author":[{"embeddable":true,"href":"https:\/\/www.viaromeagermanica.de\/it\/wp-json\/wp\/v2\/users\/2"}],"replies":[{"embeddable":true,"href":"https:\/\/www.viaromeagermanica.de\/it\/wp-json\/wp\/v2\/comments?post=8184"}],"version-history":[{"count":78,"href":"https:\/\/www.viaromeagermanica.de\/it\/wp-json\/wp\/v2\/pages\/8184\/revisions"}],"predecessor-version":[{"id":14922,"href":"https:\/\/www.viaromeagermanica.de\/it\/wp-json\/wp\/v2\/pages\/8184\/revisions\/14922"}],"wp:attachment":[{"href":"https:\/\/www.viaromeagermanica.de\/it\/wp-json\/wp\/v2\/media?parent=8184"}],"curies":[{"name":"wp","href":"https:\/\/api.w.org\/{rel}","templated":true}]}}